{"id":48732,"date":"2024-09-29T19:56:12","date_gmt":"2024-09-29T19:56:12","guid":{"rendered":"https:\/\/carp-austria.com\/oglasevalski-partner\/"},"modified":"2024-09-29T22:42:29","modified_gmt":"2024-09-29T22:42:29","slug":"oglasevalski-partner","status":"publish","type":"page","link":"https:\/\/carp-austria.com\/sl\/oglasevalski-partner\/","title":{"rendered":"Ogla\u0161evalski partner"},"content":{"rendered":"\n<h2 class=\"gb-headline gb-headline-fd5695de gb-headline-text\">Postanite ogla\u0161evalski ambasador podjetja Carp Austria!<\/h2>\n\n<p>Carp Austria je eden najve\u010djih ribi\u0161kih sejmov za ribolov krapov, feeder, spinning in somov v nem\u0161ko govore\u010dem svetu, ki ga obi\u0161\u010dejo obiskovalci iz Avstrije, Nem\u010dije, \u010ce\u0161ke, Slova\u0161ke, Mad\u017earske, Romunije, Slovenije, Hrva\u0161ke in drugih balkanskih dr\u017eav<\/p>\n\n<h3 class=\"gb-headline gb-headline-41a646fb gb-headline-text\">Pridru\u017eite se nam!<\/h3>\n\n<p>\u010ce imate aktivne kanale dru\u017ebenih medijev z vsaj 5000 sledilci ali dobro obiskano spletno stran, vam ponujamo prilo\u017enost, da postanete ogla\u0161evalski ambasador podjetja Carp Austria<\/p>\n\n<p><strong>Kaj vam ponujamo:<\/strong><\/p>\n\n<ul class=\"wp-block-list\">\n<li><strong>ekskluzivne popuste<\/strong> na <strong>spletne vstopnice<\/strong> za va\u0161o skupnost<\/li>\n\n\n\n<li>Privla\u010dna partnerstva in razli\u010dne mo\u017enosti sodelovanja<\/li>\n\n\n\n<li><strong>Denarno nadomestilo<\/strong> za vsako prodano vstopnico prek va\u0161e osebne kode za popust<\/li>\n<\/ul>\n\n<p>Vas zanima? Kontaktirajte nas in postanite del enega najve\u010djih ribi\u0161kih dogodkov! <\/p>\n\n<p>Veselimo se va\u0161ega odziva!<\/p>\n","protected":false},"excerpt":{"rendered":"<p>Postanite ogla\u0161evalski ambasador podjetja Carp Austria! Carp Austria je eden najve\u010djih ribi\u0161kih sejmov za ribolov krapov, feeder, spinning in somov v nem\u0161ko govore\u010dem svetu, &#8230; <a title=\"Ogla\u0161evalski partner\" class=\"read-more\" href=\"https:\/\/carp-austria.com\/sl\/oglasevalski-partner\/\" aria-label=\"Read more about Ogla\u0161evalski partner\">Read more<\/a><\/p>\n","protected":false},"author":1,"featured_media":48641,"parent":0,"menu_order":0,"comment_status":"closed","ping_status":"closed","template":"","meta":{"_acf_changed":false,"inline_featured_image":false,"iawp_total_views":0,"footnotes":""},"class_list":["post-48732","page","type-page","status-publish","has-post-thumbnail"],"acf":[],"_links":{"self":[{"href":"https:\/\/carp-austria.com\/sl\/wp-json\/wp\/v2\/pages\/48732","targetHints":{"allow":["GET"]}}],"collection":[{"href":"https:\/\/carp-austria.com\/sl\/wp-json\/wp\/v2\/pages"}],"about":[{"href":"https:\/\/carp-austria.com\/sl\/wp-json\/wp\/v2\/types\/page"}],"author":[{"embeddable":true,"href":"https:\/\/carp-austria.com\/sl\/wp-json\/wp\/v2\/users\/1"}],"replies":[{"embeddable":true,"href":"https:\/\/carp-austria.com\/sl\/wp-json\/wp\/v2\/comments?post=48732"}],"version-history":[{"count":0,"href":"https:\/\/carp-austria.com\/sl\/wp-json\/wp\/v2\/pages\/48732\/revisions"}],"wp:featuredmedia":[{"embeddable":true,"href":"https:\/\/carp-austria.com\/sl\/wp-json\/wp\/v2\/media\/48641"}],"wp:attachment":[{"href":"https:\/\/carp-austria.com\/sl\/wp-json\/wp\/v2\/media?parent=48732"}],"curies":[{"name":"wp","href":"https:\/\/api.w.org\/{rel}","templated":true}]}}