{"id":123049,"date":"2026-04-24T13:47:39","date_gmt":"2026-04-24T11:47:39","guid":{"rendered":"https:\/\/carp-austria.com\/?page_id=123049"},"modified":"2026-04-24T13:47:43","modified_gmt":"2026-04-24T11:47:43","slug":"urednistvo","status":"publish","type":"page","link":"https:\/\/carp-austria.com\/sl\/urednistvo\/","title":{"rendered":"Uredni\u0161tvo Carp Austria"},"content":{"rendered":"<div class=\"gb-container gb-container-802049cd\">\n<div class=\"gb-container gb-container-8edad26a\">\n\n<script type=\"application\/ld+json\">\n{\n  \"@context\": \"https:\/\/schema.org\",\n  \"@type\": \"AboutPage\",\n  \"@id\": \"https:\/\/carp-austria.com\/sl\/urednistvo\/#webpage\",\n  \"url\": \"https:\/\/carp-austria.com\/sl\/urednistvo\/\",\n  \"name\": \"Uredni\u0161tvo Carp Austria\",\n  \"description\": \"Uredni\u0161tvo Carp Austria sestavljajo izku\u0161eni ribi\u010di s poudarkom na krapolovu, lovu plenilskih rib, ribi\u0161kih sejmih, vabah za krape in prakti\u010dnih izku\u0161njah neposredno z vode.\",\n  \"inLanguage\": \"sl\",\n  \"isPartOf\": {\n    \"@id\": \"https:\/\/carp-austria.com\/#website\"\n  },\n  \"about\": {\n    \"@type\": \"Organization\",\n    \"@id\": \"https:\/\/carp-austria.com\/sl\/urednistvo\/#editorialteam\",\n    \"name\": \"Uredni\u0161tvo Carp Austria\",\n    \"url\": \"https:\/\/carp-austria.com\/sl\/urednistvo\/\",\n    \"description\": \"Uredni\u0161ka ekipa Carp Austria z ve\u010d kot 40 leti prakti\u010dnih izku\u0161enj v krapolovu, lovu plenilskih rib, ribi\u0161kih sejmih, vabah za krape in prakti\u010dnem ribi\u0161kem znanju.\",\n    \"knowsAbout\": [\n      \"krapolov\",\n      \"lov plenilskih rib\",\n      \"lov soma\",\n      \"vija\u010denje\",\n      \"kraparske monta\u017ee\",\n      \"kraparski predvezi\",\n      \"Boilie\",\n      \"Pop-Up Boilie\",\n      \"vabe za trnek\",\n      \"krmne me\u0161anice\",\n      \"ribi\u0161ke palice\",\n      \"ribi\u0161ke role\",\n      \"ribi\u0161ke vrvice\",\n      \"signalizatorji prijema\",\n      \"elektronski signalizatorji prijema\",\n      \"Rod Pod\",\n      \"Bankstick\",\n      \"podmetalka za krape\",\n      \"odpenjalna podloga\",\n      \"tehtalna vre\u010da\",\n      \"\u010dolni\u010dek za hranjenje\",\n      \"ribi\u0161ki svinec\",\n      \"ribi\u0161ki sejmi\",\n      \"ribi\u0161ke trgovine v Avstriji\",\n      \"ribi\u0161ke vode v Avstriji\",\n      \"kraparske vode v Evropi\",\n      \"vode za lov plenilskih rib v Evropi\"\n    ],\n    \"areaServed\": {\n      \"@type\": \"Place\",\n      \"name\": \"Europe\"\n    },\n    \"sameAs\": [\n      \"https:\/\/www.facebook.com\/carpfishingshow\",\n      \"https:\/\/www.instagram.com\/carpaustria\/\"\n    ],\n    \"parentOrganization\": {\n      \"@type\": \"Organization\",\n      \"@id\": \"https:\/\/carp-austria.com\/#organization\",\n      \"name\": \"Carp Austria\",\n      \"url\": \"https:\/\/carp-austria.com\/\"\n    }\n  }\n}\n<\/script>\n\n<section class=\"ca-redaktion-intro\">\n  <div class=\"ca-redaktion-intro__card\">\n    <div class=\"ca-redaktion-intro__image\">\n      <img src=\"data:image\/gif;base64,R0lGODlhAQABAAAAACH5BAEKAAEALAAAAAABAAEAAAICTAEAOw==\" alt=\"Uredni\u0161tvo Carp Austria\" width=\"140\" height=\"140\" loading=\"eager\" decoding=\"async\" class=\"lazyload\" data-src=\"https:\/\/carp-austria.com\/wp-content\/uploads\/2026\/04\/author-transparent.svg\">\n    <\/div>\n\n    <div class=\"ca-redaktion-intro__content\">\n      <h1>Uredni\u0161tvo Carp Austria<\/h1>\n\n      <p>\n        Uredni\u0161tvo Carp Austria sestavljajo strastni ribi\u010di z dolgoletnimi izku\u0161njami\n        v krapolovu, lovu plenilskih rib in sodobnih ribi\u0161kih tehnikah v Avstriji in Evropi.\n      <\/p>\n\n      <p>\n        Na\u0161a ekipa redno preizku\u0161a ribi\u0161ko opremo, obiskuje in organizira ribi\u0161ke sejme,\n        razvija lastne Boilie vabe ter ima prakti\u010dne izku\u0161nje z upravljanjem in razvojem ribi\u0161kih voda.\n      <\/p>\n\n      <p>\n        Z ve\u010d kot 40 leti skupnih prakti\u010dnih izku\u0161enj delimo preverjeno znanje\n        o krapolovu, lovu plenilskih rib, vabah za krape in prakti\u010dnem ribi\u0161kem znanju \u2013\n        neposredno z vode, ne iz teorije.\n      <\/p>\n\n      <ul class=\"ca-redaktion-intro__highlights\">\n        <li>Ve\u010d kot 40 let izku\u0161enj v krapolovu in lovu plenilskih rib<\/li>\n        <li>Prakti\u010dne izku\u0161nje neposredno z vode<\/li>\n        <li>Poro\u010dila iz ribi\u0161ke scene, sejmov in od razstavljavcev<\/li>\n        <li>Poudarek na krapolovu, plenilcih, vabah in prakti\u010dnem ribi\u0161kem znanju<\/li>\n      <\/ul>\n    <\/div>\n  <\/div>\n\n  <div class=\"ca-redaktion-section\">\n    <h2>Strokovno znanje o krapolovu in lovu plenilskih rib<\/h2>\n    <p>\n      Uredni\u0161tvo Carp Austria se ukvarja z vsemi podro\u010dji sodobnega ribolova \u2013\n      od klasi\u010dnih kraparskih monta\u017e prek u\u010dinkovitih tehnik za lov plenilskih rib\n      do aktualnega razvoja v ribi\u0161kem svetu.\n    <\/p>\n    <p>\n      Prakti\u010dna uporabnost je za nas vedno na prvem mestu. Na\u0161e vsebine temeljijo na resni\u010dnih\n      izku\u0161njah z vode, preizku\u0161anju opreme, obiskih sejmov ter neposredni izmenjavi z proizvajalci,\n      razstavljavci in ribi\u010di iz scene.\n    <\/p>\n  <\/div>\n\n  <div class=\"ca-redaktion-section\">\n    <h2>Razstavljavci, novice, vabe in trendi iz ribi\u0161ke scene<\/h2>\n    <p>\n      Posebno pozornost namenjamo novim izdelkom, razstavljavcem, vabam za krape, rekordom\n      in aktualnim temam okoli sejma Carp Austria. Na sejmih in dogodkih zbiramo vtise iz prve roke\n      ter jih delimo v obliki \u010dlankov, priporo\u010dil in prakti\u010dnih poro\u010dil.\n    <\/p>\n    <p>\n      Ve\u010d vsebin najde\u0161 v kategorijah\n      <a href=\"\">razstavljavci<\/a>,\n      <a href=\"\">vabe za krape<\/a>,\n      <a href=\"\">novice<\/a>,\n      <a href=\"\">magazin<\/a> in\n      <a href=\"\">Carp Austria sejem<\/a>.\n    <\/p>\n  <\/div>\n\n  <div class=\"ca-redaktion-section\">\n    <h2>Prakti\u010dno znanje za ribi\u010de<\/h2>\n    <p>\n      Ne glede na to, ali \u0161ele za\u010denja\u0161 ali ima\u0161 za seboj \u017ee leta izku\u0161enj \u2013 uredni\u0161tvo Carp Austria\n      pripravlja vsebine, ki jih lahko takoj uporabi\u0161 v praksi. Na\u0161 cilj je deliti resni\u010dne izku\u0161nje,\n      jasno razlo\u017eiti pomembne teme in ti pomagati, da bo\u0161 uspe\u0161nej\u0161i ob vodi.\n    <\/p>\n  <\/div>\n\n  <div class=\"ca-redaktion-section\">\n    <h2>Odkrij ve\u010d \u010dlankov uredni\u0161tva Carp Austria<\/h2>\n    <p>\n      Odkrij dodatne \u010dlanke, poro\u010dila s sejmov, novice razstavljavcev, ribi\u0161ko znanje\n      ter teme o krapolovu, lovu plenilskih rib in vabah za krape.\n    <\/p>\n    <p>\n      <a href=\"https:\/\/carp-austria.com\/sl\/novice-o-ribolovu\/\">Odkrij ve\u010d \u010dlankov uredni\u0161tva Carp Austria \u2192<\/a>\n    <\/p>\n  <\/div>\n<\/section>\n\n<\/div>\n\n<div class=\"gb-container gb-container-90055852\">\n<div class=\"gb-container gb-container-ea4f2e9e\">\n\n<h2 class=\"wp-block-heading\">\u010clanki uredni\u0161tva Carp Austria<\/h2>\n\n\n\n<hr class=\"wp-block-separator has-alpha-channel-opacity\"\/>\n\n<\/div>\n\n\n<div class=\"gb-grid-wrapper gb-grid-wrapper-6591d90a gb-query-loop-wrapper\">\n<div class=\"gb-grid-column gb-grid-column-70e1e987 gb-query-loop-item post-120991 post type-post status-publish format-standard has-post-thumbnail hentry category-razstavljavci category-plenilci-som tag-deadbait tag-predator-tackle tag-som tag-spinning-palice tag-zeck-fishing\"><div class=\"gb-container gb-container-70e1e987\">\n<figure class=\"gb-block-image gb-block-image-5f5826e8\"><img loading=\"lazy\" decoding=\"async\" width=\"1400\" height=\"933\" src=\"data:image\/gif;base64,R0lGODlhAQABAAAAACH5BAEKAAEALAAAAAABAAEAAAICTAEAOw==\" class=\"gb-image-5f5826e8 lazyload\" alt=\"Zeck Fishing\" sizes=\"auto, (max-width: 1400px) 100vw, 1400px\" data-src=\"https:\/\/carp-austria.com\/wp-content\/uploads\/2024\/11\/zeckfishing.jpg\" data-srcset=\"https:\/\/carp-austria.com\/wp-content\/uploads\/2024\/11\/zeckfishing.jpg 1400w, https:\/\/carp-austria.com\/wp-content\/uploads\/2024\/11\/zeckfishing-360x240.jpg 360w, https:\/\/carp-austria.com\/wp-content\/uploads\/2024\/11\/zeckfishing-1080x720.jpg 1080w, https:\/\/carp-austria.com\/wp-content\/uploads\/2024\/11\/zeckfishing-768x512.jpg 768w\"><\/figure>\n\n<h2 class=\"gb-headline gb-headline-7b090171 gb-headline-text\"><a href=\"https:\/\/carp-austria.com\/sl\/zeck\/\">Zeck Fishing \u2013 oprema za ribolov plenilcev in soma<\/a><\/h2>\n\n<p class=\"gb-headline gb-headline-18ed8b8c gb-headline-text\"><time class=\"entry-date published\" datetime=\"2026-04-15T15:23:37+02:00\">15. aprila, 2026<\/time><\/p>\n\n<div class=\"gb-headline gb-headline-0d561cbd gb-headline-text\">Zeck Fishing predstavlja sodobno opremo za ribolov plenilcev in soma. Na Carp Austria lahko odkrije\u0161 spinning palice, deadbait sisteme in inovativno opremo za zahtevne &#8230; <a title=\"Zeck Fishing \u2013 oprema za ribolov plenilcev in soma\" class=\"read-more\" href=\"https:\/\/carp-austria.com\/sl\/zeck\/\" aria-label=\"Read more about Zeck Fishing \u2013 oprema za ribolov plenilcev in soma\">Read more<\/a><\/div>\n<\/div><\/div>\n\n<div class=\"gb-grid-column gb-grid-column-70e1e987 gb-query-loop-item post-108890 post type-post status-publish format-standard has-post-thumbnail hentry category-oblacila-outdoor-oprema category-razstavljavci\"><div class=\"gb-container gb-container-70e1e987\">\n<figure class=\"gb-block-image gb-block-image-5f5826e8\"><img loading=\"lazy\" decoding=\"async\" width=\"1200\" height=\"800\" src=\"data:image\/gif;base64,R0lGODlhAQABAAAAACH5BAEKAAEALAAAAAABAAEAAAICTAEAOw==\" class=\"gb-image-5f5826e8 lazyload\" alt=\"\" sizes=\"auto, (max-width: 1200px) 100vw, 1200px\" data-src=\"https:\/\/carp-austria.com\/wp-content\/uploads\/2025\/11\/COAST-TXM50R-2408A-P581-1201x800-5b2df79.jpg\" data-srcset=\"https:\/\/carp-austria.com\/wp-content\/uploads\/2025\/11\/COAST-TXM50R-2408A-P581-1201x800-5b2df79.jpg 1200w, https:\/\/carp-austria.com\/wp-content\/uploads\/2025\/11\/COAST-TXM50R-2408A-P581-1201x800-5b2df79-360x240.jpg 360w, https:\/\/carp-austria.com\/wp-content\/uploads\/2025\/11\/COAST-TXM50R-2408A-P581-1201x800-5b2df79-1080x720.jpg 1080w, https:\/\/carp-austria.com\/wp-content\/uploads\/2025\/11\/COAST-TXM50R-2408A-P581-1201x800-5b2df79-155x103.jpg 155w, https:\/\/carp-austria.com\/wp-content\/uploads\/2025\/11\/COAST-TXM50R-2408A-P581-1201x800-5b2df79-768x512.jpg 768w\"><\/figure>\n\n<h2 class=\"gb-headline gb-headline-7b090171 gb-headline-text\"><a href=\"https:\/\/carp-austria.com\/sl\/schuecker-protextil\/\">Schuecker Protextiles \u2013 COAST svetilke in outdoor oprema<\/a><\/h2>\n\n<p class=\"gb-headline gb-headline-18ed8b8c gb-headline-text\"><time class=\"entry-date published\" datetime=\"2025-11-29T16:25:02+01:00\">29. novembra, 2025<\/time><\/p>\n\n<div class=\"gb-headline gb-headline-0d561cbd gb-headline-text\">Schuecker Protextiles ponuja kakovostne COAST svetilke, outdoor in delovna obla\u010dila ter dodatke. \u010ce i\u0161\u010de\u0161 zanesljivo opremo, tukaj najde\u0161 vrhunsko kakovost za vsako uporabo. Odkrijte &#8230; <a title=\"Schuecker Protextiles \u2013 COAST svetilke in outdoor oprema\" class=\"read-more\" href=\"https:\/\/carp-austria.com\/sl\/schuecker-protextil\/\" aria-label=\"Read more about Schuecker Protextiles \u2013 COAST svetilke in outdoor oprema\">Read more<\/a><\/div>\n<\/div><\/div>\n\n<div class=\"gb-grid-column gb-grid-column-70e1e987 gb-query-loop-item post-107548 post type-post status-publish format-standard has-post-thumbnail hentry category-colni-tehnologija category-razstavljavci\"><div class=\"gb-container gb-container-70e1e987\">\n<figure class=\"gb-block-image gb-block-image-5f5826e8\"><img loading=\"lazy\" decoding=\"async\" width=\"1280\" height=\"800\" src=\"data:image\/gif;base64,R0lGODlhAQABAAAAACH5BAEKAAEALAAAAAABAAEAAAICTAEAOw==\" class=\"gb-image-5f5826e8 lazyload\" alt=\"\" sizes=\"auto, (max-width: 1280px) 100vw, 1280px\" data-src=\"https:\/\/carp-austria.com\/wp-content\/uploads\/2025\/11\/z-boat-mietboot-karpfenboot.jpg\" data-srcset=\"https:\/\/carp-austria.com\/wp-content\/uploads\/2025\/11\/z-boat-mietboot-karpfenboot.jpg 1280w, https:\/\/carp-austria.com\/wp-content\/uploads\/2025\/11\/z-boat-mietboot-karpfenboot-360x225.jpg 360w, https:\/\/carp-austria.com\/wp-content\/uploads\/2025\/11\/z-boat-mietboot-karpfenboot-1080x675.jpg 1080w, https:\/\/carp-austria.com\/wp-content\/uploads\/2025\/11\/z-boat-mietboot-karpfenboot-155x97.jpg 155w, https:\/\/carp-austria.com\/wp-content\/uploads\/2025\/11\/z-boat-mietboot-karpfenboot-768x480.jpg 768w\"><\/figure>\n\n<h2 class=\"gb-headline gb-headline-7b090171 gb-headline-text\"><a href=\"https:\/\/carp-austria.com\/sl\/z-boats\/\">Z-Boats ribi\u0161ki in kraparski \u010dolni<\/a><\/h2>\n\n<p class=\"gb-headline gb-headline-18ed8b8c gb-headline-text\"><time class=\"entry-date published\" datetime=\"2025-11-26T22:59:19+01:00\">26. novembra, 2025<\/time><\/p>\n\n<div class=\"gb-headline gb-headline-0d561cbd gb-headline-text\">Z-Boats ponuja kakovostne ribi\u0161ke in kraparske \u010dolne za zahtevne ribi\u010de. \u010ce \u017eeli\u0161 kupiti \u010doln, tukaj najde\u0161 sodobno tehnologijo in prilagodljive modele. Strast. Izvedba. Sodobna &#8230; <a title=\"Z-Boats ribi\u0161ki in kraparski \u010dolni\" class=\"read-more\" href=\"https:\/\/carp-austria.com\/sl\/z-boats\/\" aria-label=\"Read more about Z-Boats ribi\u0161ki in kraparski \u010dolni\">Read more<\/a><\/div>\n<\/div><\/div>\n\n<div class=\"gb-grid-column gb-grid-column-70e1e987 gb-query-loop-item post-107486 post type-post status-publish format-standard has-post-thumbnail hentry category-razstavljavci category-plenilci-som\"><div class=\"gb-container gb-container-70e1e987\">\n<figure class=\"gb-block-image gb-block-image-5f5826e8\"><img loading=\"lazy\" decoding=\"async\" width=\"1280\" height=\"950\" src=\"data:image\/gif;base64,R0lGODlhAQABAAAAACH5BAEKAAEALAAAAAABAAEAAAICTAEAOw==\" class=\"gb-image-5f5826e8 lazyload\" alt=\"\" sizes=\"auto, (max-width: 1280px) 100vw, 1280px\" data-src=\"https:\/\/carp-austria.com\/wp-content\/uploads\/2025\/11\/skeater.jpg\" data-srcset=\"https:\/\/carp-austria.com\/wp-content\/uploads\/2025\/11\/skeater.jpg 1280w, https:\/\/carp-austria.com\/wp-content\/uploads\/2025\/11\/skeater-360x267.jpg 360w, https:\/\/carp-austria.com\/wp-content\/uploads\/2025\/11\/skeater-1080x802.jpg 1080w, https:\/\/carp-austria.com\/wp-content\/uploads\/2025\/11\/skeater-155x115.jpg 155w, https:\/\/carp-austria.com\/wp-content\/uploads\/2025\/11\/skeater-768x570.jpg 768w\"><\/figure>\n\n<h2 class=\"gb-headline gb-headline-7b090171 gb-headline-text\"><a href=\"https:\/\/carp-austria.com\/sl\/skeater\/\">Skeater Fishing \u2013 predator oprema in vabe<\/a><\/h2>\n\n<p class=\"gb-headline gb-headline-18ed8b8c gb-headline-text\"><time class=\"entry-date published\" datetime=\"2025-11-26T22:15:33+01:00\">26. novembra, 2025<\/time><\/p>\n\n<div class=\"gb-headline gb-headline-0d561cbd gb-headline-text\">Skeater Fishing ponuja kakovostno predator opremo in vabe za zahtevne ribi\u010de. \u010ce \u017eeli\u0161 kupiti Skeater Fishing izdelke, tukaj najde\u0161 re\u0161itve za uspe\u0161en ribolov. SKEATER &#8230; <a title=\"Skeater Fishing \u2013 predator oprema in vabe\" class=\"read-more\" href=\"https:\/\/carp-austria.com\/sl\/skeater\/\" aria-label=\"Read more about Skeater Fishing \u2013 predator oprema in vabe\">Read more<\/a><\/div>\n<\/div><\/div>\n\n<div class=\"gb-grid-column gb-grid-column-70e1e987 gb-query-loop-item post-107452 post type-post status-publish format-standard has-post-thumbnail hentry category-razstavljavci category-ribolovni-turizem-vode\"><div class=\"gb-container gb-container-70e1e987\">\n<figure class=\"gb-block-image gb-block-image-5f5826e8\"><img loading=\"lazy\" decoding=\"async\" width=\"1280\" height=\"850\" src=\"data:image\/gif;base64,R0lGODlhAQABAAAAACH5BAEKAAEALAAAAAABAAEAAAICTAEAOw==\" class=\"gb-image-5f5826e8 lazyload\" alt=\"\" sizes=\"auto, (max-width: 1280px) 100vw, 1280px\" data-src=\"https:\/\/carp-austria.com\/wp-content\/uploads\/2025\/11\/Iglice-fishing.jpg\" data-srcset=\"https:\/\/carp-austria.com\/wp-content\/uploads\/2025\/11\/Iglice-fishing.jpg 1280w, https:\/\/carp-austria.com\/wp-content\/uploads\/2025\/11\/Iglice-fishing-360x239.jpg 360w, https:\/\/carp-austria.com\/wp-content\/uploads\/2025\/11\/Iglice-fishing-1080x717.jpg 1080w, https:\/\/carp-austria.com\/wp-content\/uploads\/2025\/11\/Iglice-fishing-155x103.jpg 155w, https:\/\/carp-austria.com\/wp-content\/uploads\/2025\/11\/Iglice-fishing-768x510.jpg 768w\"><\/figure>\n\n<h2 class=\"gb-headline gb-headline-7b090171 gb-headline-text\"><a href=\"https:\/\/carp-austria.com\/sl\/iglice\/\">Ribolov na Mad\u017earskem \u2013 hi\u0161ke ob jezeru &#8211; Iglice<\/a><\/h2>\n\n<p class=\"gb-headline gb-headline-18ed8b8c gb-headline-text\"><time class=\"entry-date published\" datetime=\"2025-11-26T21:06:47+01:00\">26. novembra, 2025<\/time><\/p>\n\n<div class=\"gb-headline gb-headline-0d561cbd gb-headline-text\">Do\u017eivi ribolov na Mad\u017earskem z ekskluzivnimi hi\u0161kami ob vodi. \u010ce i\u0161\u010de\u0161 mir in zaseben dostop do jezera, tukaj najde\u0161 popolne pogoje. Rekreacija se za\u010dne &#8230; <a title=\"Ribolov na Mad\u017earskem \u2013 hi\u0161ke ob jezeru &#8211; Iglice\" class=\"read-more\" href=\"https:\/\/carp-austria.com\/sl\/iglice\/\" aria-label=\"Read more about Ribolov na Mad\u017earskem \u2013 hi\u0161ke ob jezeru &#8211; Iglice\">Read more<\/a><\/div>\n<\/div><\/div>\n\n<div class=\"gb-grid-column gb-grid-column-70e1e987 gb-query-loop-item post-107206 post type-post status-publish format-standard has-post-thumbnail hentry category-carp-austria-sejem category-unkategorisiert category-napovedi\"><div class=\"gb-container gb-container-70e1e987\">\n<figure class=\"gb-block-image gb-block-image-5f5826e8\"><img loading=\"lazy\" decoding=\"async\" width=\"1200\" height=\"900\" src=\"data:image\/gif;base64,R0lGODlhAQABAAAAACH5BAEKAAEALAAAAAABAAEAAAICTAEAOw==\" class=\"gb-image-5f5826e8 lazyload\" alt=\"Carp Austria\" sizes=\"auto, (max-width: 1200px) 100vw, 1200px\" data-src=\"https:\/\/carp-austria.com\/wp-content\/uploads\/2025\/11\/carp-austria.jpg\" data-srcset=\"https:\/\/carp-austria.com\/wp-content\/uploads\/2025\/11\/carp-austria.jpg 1200w, https:\/\/carp-austria.com\/wp-content\/uploads\/2025\/11\/carp-austria-360x270.jpg 360w, https:\/\/carp-austria.com\/wp-content\/uploads\/2025\/11\/carp-austria-1080x810.jpg 1080w, https:\/\/carp-austria.com\/wp-content\/uploads\/2025\/11\/carp-austria-155x116.jpg 155w, https:\/\/carp-austria.com\/wp-content\/uploads\/2025\/11\/carp-austria-768x576.jpg 768w, https:\/\/carp-austria.com\/wp-content\/uploads\/2025\/11\/carp-austria-800x600.jpg 800w\"><\/figure>\n\n<h2 class=\"gb-headline gb-headline-7b090171 gb-headline-text\"><a href=\"https:\/\/carp-austria.com\/sl\/carp-austria-2025-najvecja-in-najboljsa-kraparska-avstrija-doslej\/\">Carp Austria 2025 &#8211; Najve\u010dja in najbolj\u0161a kraparska Avstrija doslej!<\/a><\/h2>\n\n<p class=\"gb-headline gb-headline-18ed8b8c gb-headline-text\"><time class=\"entry-date published\" datetime=\"2025-11-26T17:35:58+01:00\">26. novembra, 2025<\/time><\/p>\n\n<div class=\"gb-headline gb-headline-0d561cbd gb-headline-text\">To govorimo \u017ee leta in vsaki\u010d znova dr\u017ei: &#8220;NAJVE\u010cJI in NAJBOLJ\u0160I krap v Avstriji vseh \u010dasov.&#8221; In da &#8211; to velja tudi za leto &#8230; <a title=\"Carp Austria 2025 &#8211; Najve\u010dja in najbolj\u0161a kraparska Avstrija doslej!\" class=\"read-more\" href=\"https:\/\/carp-austria.com\/sl\/carp-austria-2025-najvecja-in-najboljsa-kraparska-avstrija-doslej\/\" aria-label=\"Read more about Carp Austria 2025 &#8211; Najve\u010dja in najbolj\u0161a kraparska Avstrija doslej!\">Read more<\/a><\/div>\n<\/div><\/div>\n<\/div>\n\n<\/div>\n\n\n<div class=\"wp-block-buttons is-layout-flex wp-block-buttons-is-layout-flex\">\n<div class=\"wp-block-button has-custom-width wp-block-button__width-100 is-style-fill\"><a class=\"wp-block-button__link has-large-font-size has-custom-font-size wp-element-button\" href=\"https:\/\/carp-austria.com\/sl\/novice-o-ribolovu\/\" style=\"border-top-left-radius:0px;border-top-right-radius:0px;border-bottom-left-radius:0px;border-bottom-right-radius:0px\">Odkrij ve\u010d \u010dlankov uredni\u0161tva Carp Austria \u2192<\/a><\/div>\n<\/div>\n\n<\/div>","protected":false},"excerpt":{"rendered":"<p>Uredni\u0161tvo Carp Austria Uredni\u0161tvo Carp Austria sestavljajo strastni ribi\u010di z dolgoletnimi izku\u0161njami v krapolovu, lovu plenilskih rib in sodobnih ribi\u0161kih tehnikah v Avstriji in &#8230; <a title=\"Uredni\u0161tvo Carp Austria\" class=\"read-more\" href=\"https:\/\/carp-austria.com\/sl\/urednistvo\/\" aria-label=\"Read more about Uredni\u0161tvo Carp Austria\">Read more<\/a><\/p>\n","protected":false},"author":1,"featured_media":0,"parent":0,"menu_order":0,"comment_status":"closed","ping_status":"closed","template":"","meta":{"_acf_changed":false,"inline_featured_image":false,"iawp_total_views":0,"footnotes":""},"class_list":["post-123049","page","type-page","status-publish"],"acf":[],"_links":{"self":[{"href":"https:\/\/carp-austria.com\/sl\/wp-json\/wp\/v2\/pages\/123049","targetHints":{"allow":["GET"]}}],"collection":[{"href":"https:\/\/carp-austria.com\/sl\/wp-json\/wp\/v2\/pages"}],"about":[{"href":"https:\/\/carp-austria.com\/sl\/wp-json\/wp\/v2\/types\/page"}],"author":[{"embeddable":true,"href":"https:\/\/carp-austria.com\/sl\/wp-json\/wp\/v2\/users\/1"}],"replies":[{"embeddable":true,"href":"https:\/\/carp-austria.com\/sl\/wp-json\/wp\/v2\/comments?post=123049"}],"version-history":[{"count":0,"href":"https:\/\/carp-austria.com\/sl\/wp-json\/wp\/v2\/pages\/123049\/revisions"}],"wp:attachment":[{"href":"https:\/\/carp-austria.com\/sl\/wp-json\/wp\/v2\/media?parent=123049"}],"curies":[{"name":"wp","href":"https:\/\/api.w.org\/{rel}","templated":true}]}}