{"id":97277,"date":"2023-09-10T12:55:55","date_gmt":"2023-09-10T12:55:55","guid":{"rendered":"https:\/\/carp-austria.com\/usetrite-2-eura-na-celodennom-vstupnom\/"},"modified":"2025-11-11T01:28:40","modified_gmt":"2025-11-11T01:28:40","slug":"usetrite-2-eura-na-celodennom-vstupnom","status":"publish","type":"page","link":"https:\/\/carp-austria.com\/sk\/usetrite-2-eura-na-celodennom-vstupnom\/","title":{"rendered":"U\u0161etrite 2 eur\u00e1 na celodennom vstupnom"},"content":{"rendered":"<div class=\"gb-container gb-container-9246363a\">\n<div class=\"gb-container gb-container-2783b598\">\n\n<h2 class=\"gb-headline gb-headline-c8ddb13f gb-headline-text\">Poukaz na z\u013eavu na vstupenku<\/h2>\n\n\n\n<p>Z\u00edskajte teraz svoj z\u013eavov\u00fd kup\u00f3n v hodnote <strong>2 eur\u00e1<\/strong> na Carp Austria 2025. <strong>Sta\u010d\u00ed vyplni\u0165 formul\u00e1r<\/strong> a klikn\u00fa\u0165 na tla\u010didlo <strong>REGISTROVA\u0164<\/strong> a my v\u00e1m e-mailom po\u0161leme z\u013eavov\u00fd kup\u00f3n, ktor\u00fd si m\u00f4\u017eete vytla\u010di\u0165. Po odovzdan\u00ed 2 poukazov v pokladni dostanete celodenn\u00fa vstupenku za zv\u00fdhodnen\u00fa cenu <strong>13 eur namiesto <s>15 eur<\/s><\/strong>. <\/p>\n\n<\/div>\n<\/div>\n<iframe loading=\"lazy\" width=\"750\" height=\"1200\" src=\"https:\/\/e6d171b5.sibforms.com\/serve\/MUIFAMliSucCLdDg3sIGU4mX9GPw_CJCVGCxKR70mPB_MmjHnYjLNmBizUQu2EPZsEH2ADEC8djRY8zyqs_6TT-D7aPmTNRiNzTopZ8Qza2HaKPRFyuQi1QnRp6fdU-uZaObjF3umkVNiQjYvieVj8ZFEVfr43xTwVagTc8q2FFcfRdHtx2MzU5qUWalYNF_GYB-wRg507E-YCAK\" frameborder=\"0\" scrolling=\"auto\" allowfullscreen=\"\" style=\"display: block;margin-left: auto;margin-right: auto;max-width: 100%;\"><\/iframe>\n\n<p><\/p>\n","protected":false},"excerpt":{"rendered":"<p>Poukaz na z\u013eavu na vstupenku Z\u00edskajte teraz svoj z\u013eavov\u00fd kup\u00f3n v hodnote 2 eur\u00e1 na Carp Austria 2025. Sta\u010d\u00ed vyplni\u0165 formul\u00e1r a klikn\u00fa\u0165 na &#8230; <a title=\"U\u0161etrite 2 eur\u00e1 na celodennom vstupnom\" class=\"read-more\" href=\"https:\/\/carp-austria.com\/sk\/usetrite-2-eura-na-celodennom-vstupnom\/\" aria-label=\"Pre\u010d\u00edtajte si viac o U\u0161etrite 2 eur\u00e1 na celodennom vstupnom\">Read more<\/a><\/p>\n","protected":false},"author":1,"featured_media":0,"parent":0,"menu_order":0,"comment_status":"closed","ping_status":"closed","template":"","meta":{"_acf_changed":false,"inline_featured_image":false,"iawp_total_views":1,"footnotes":""},"class_list":["post-97277","page","type-page","status-publish"],"acf":[],"_links":{"self":[{"href":"https:\/\/carp-austria.com\/sk\/wp-json\/wp\/v2\/pages\/97277","targetHints":{"allow":["GET"]}}],"collection":[{"href":"https:\/\/carp-austria.com\/sk\/wp-json\/wp\/v2\/pages"}],"about":[{"href":"https:\/\/carp-austria.com\/sk\/wp-json\/wp\/v2\/types\/page"}],"author":[{"embeddable":true,"href":"https:\/\/carp-austria.com\/sk\/wp-json\/wp\/v2\/users\/1"}],"replies":[{"embeddable":true,"href":"https:\/\/carp-austria.com\/sk\/wp-json\/wp\/v2\/comments?post=97277"}],"version-history":[{"count":0,"href":"https:\/\/carp-austria.com\/sk\/wp-json\/wp\/v2\/pages\/97277\/revisions"}],"wp:attachment":[{"href":"https:\/\/carp-austria.com\/sk\/wp-json\/wp\/v2\/media?parent=97277"}],"curies":[{"name":"wp","href":"https:\/\/api.w.org\/{rel}","templated":true}]}}