{"id":48730,"date":"2024-09-29T19:56:12","date_gmt":"2024-09-29T19:56:12","guid":{"rendered":"https:\/\/carp-austria.com\/reklamny-partner\/"},"modified":"2024-09-29T22:40:11","modified_gmt":"2024-09-29T22:40:11","slug":"reklamny-partner","status":"publish","type":"page","link":"https:\/\/carp-austria.com\/sk\/reklamny-partner\/","title":{"rendered":"Reklamn\u00fd partner"},"content":{"rendered":"\n<h2 class=\"gb-headline gb-headline-fd5695de gb-headline-text\">Sta\u0148te sa reklamn\u00fdm ambas\u00e1dorom Carp Austria!<\/h2>\n\n<p>Carp Austria je jedn\u00fdm z najv\u00e4\u010d\u0161\u00edch ryb\u00e1rskych ve\u013etrhov zameran\u00fdch na lov kaprov, feeder, pr\u00edvla\u010d a lov sumcov v nemecky hovoriacich krajin\u00e1ch, ktor\u00fd nav\u0161tevuj\u00fa n\u00e1v\u0161tevn\u00edci z Rak\u00faska, Nemecka, \u010ceskej republiky, Slovenska, Ma\u010farska, Rumunska, Slovinska, Chorv\u00e1tska a \u010fal\u0161\u00edch balk\u00e1nskych kraj\u00edn.<\/p>\n\n<h3 class=\"gb-headline gb-headline-41a646fb gb-headline-text\">Spojte s nami svoje sily!<\/h3>\n\n<p>Ak m\u00e1te akt\u00edvne kan\u00e1ly na soci\u00e1lnych sie\u0165ach s minim\u00e1lne 5000 sledovate\u013emi alebo dobre nav\u0161tevovan\u00fa webov\u00fa str\u00e1nku, pon\u00fakame v\u00e1m mo\u017enos\u0165 sta\u0165 sa reklamn\u00fdm ambas\u00e1dorom Carp Austria.<\/p>\n\n<p><strong>\u010co v\u00e1m pon\u00fakame:<\/strong><\/p>\n\n<ul class=\"wp-block-list\">\n<li><strong>Exkluz\u00edvne z\u013eavy<\/strong> na <strong>online vstupenky<\/strong> pre va\u0161u komunitu<\/li>\n\n\n\n<li><br\/>Atrakt\u00edvne partnerstv\u00e1 a r\u00f4zne mo\u017enosti spolupr\u00e1ce<\/li>\n\n\n\n<li><strong>Pe\u0148a\u017en\u00fa kompenz\u00e1ciu<\/strong> za ka\u017ed\u00fd predaj vstupeniek prostredn\u00edctvom v\u00e1\u0161ho osobn\u00e9ho z\u013eavov\u00e9ho k\u00f3du<\/li>\n<\/ul>\n\n<p>M\u00e1te z\u00e1ujem? Kontaktujte n\u00e1s teraz a sta\u0148te sa s\u00fa\u010das\u0165ou jedn\u00e9ho z najv\u00e4\u010d\u0161\u00edch ryb\u00e1rskych podujat\u00ed! <\/p>\n\n<p>Te\u0161\u00edme sa na va\u0161u odpove\u010f!<\/p>\n","protected":false},"excerpt":{"rendered":"<p>Sta\u0148te sa reklamn\u00fdm ambas\u00e1dorom Carp Austria! Carp Austria je jedn\u00fdm z najv\u00e4\u010d\u0161\u00edch ryb\u00e1rskych ve\u013etrhov zameran\u00fdch na lov kaprov, feeder, pr\u00edvla\u010d a lov sumcov v &#8230; <a title=\"Reklamn\u00fd partner\" class=\"read-more\" href=\"https:\/\/carp-austria.com\/sk\/reklamny-partner\/\" aria-label=\"Pre\u010d\u00edtajte si viac o Reklamn\u00fd partner\">Read more<\/a><\/p>\n","protected":false},"author":1,"featured_media":48640,"parent":0,"menu_order":0,"comment_status":"closed","ping_status":"closed","template":"","meta":{"_acf_changed":false,"inline_featured_image":false,"iawp_total_views":0,"footnotes":""},"class_list":["post-48730","page","type-page","status-publish","has-post-thumbnail"],"acf":[],"_links":{"self":[{"href":"https:\/\/carp-austria.com\/sk\/wp-json\/wp\/v2\/pages\/48730","targetHints":{"allow":["GET"]}}],"collection":[{"href":"https:\/\/carp-austria.com\/sk\/wp-json\/wp\/v2\/pages"}],"about":[{"href":"https:\/\/carp-austria.com\/sk\/wp-json\/wp\/v2\/types\/page"}],"author":[{"embeddable":true,"href":"https:\/\/carp-austria.com\/sk\/wp-json\/wp\/v2\/users\/1"}],"replies":[{"embeddable":true,"href":"https:\/\/carp-austria.com\/sk\/wp-json\/wp\/v2\/comments?post=48730"}],"version-history":[{"count":0,"href":"https:\/\/carp-austria.com\/sk\/wp-json\/wp\/v2\/pages\/48730\/revisions"}],"wp:featuredmedia":[{"embeddable":true,"href":"https:\/\/carp-austria.com\/sk\/wp-json\/wp\/v2\/media\/48640"}],"wp:attachment":[{"href":"https:\/\/carp-austria.com\/sk\/wp-json\/wp\/v2\/media?parent=48730"}],"curies":[{"name":"wp","href":"https:\/\/api.w.org\/{rel}","templated":true}]}}