{"id":123015,"date":"2026-04-24T12:10:37","date_gmt":"2026-04-24T10:10:37","guid":{"rendered":"https:\/\/carp-austria.com\/?page_id=123015"},"modified":"2026-04-24T13:21:47","modified_gmt":"2026-04-24T11:21:47","slug":"redakcia","status":"publish","type":"page","link":"https:\/\/carp-austria.com\/sk\/redakcia\/","title":{"rendered":"Redakcia Carp Austria"},"content":{"rendered":"<div class=\"gb-container gb-container-802049cd\">\n<div class=\"gb-container gb-container-8edad26a\">\n\n<script type=\"application\/ld+json\">\n{\n  \"@context\": \"https:\/\/schema.org\",\n  \"@type\": \"AboutPage\",\n  \"@id\": \"https:\/\/carp-austria.com\/sk\/redakcia\/#webpage\",\n  \"url\": \"https:\/\/carp-austria.com\/sk\/redakcia\/\",\n  \"name\": \"Redakcia Carp Austria\",\n  \"description\": \"Redakcia Carp Austria tvor\u00ed sk\u00fasen\u00fdch ryb\u00e1rov so zameran\u00edm na kapr\u00e1rinu, lov dravcov, ryb\u00e1rske ve\u013etrhy, kaprov\u00e9 n\u00e1strahy a praktick\u00e9 sk\u00fasenosti priamo od vody.\",\n  \"inLanguage\": \"sk\",\n  \"isPartOf\": {\n    \"@id\": \"https:\/\/carp-austria.com\/#website\"\n  },\n  \"about\": {\n    \"@type\": \"Organization\",\n    \"@id\": \"https:\/\/carp-austria.com\/sk\/redakcia\/#editorialteam\",\n    \"name\": \"Redakcia Carp Austria\",\n    \"url\": \"https:\/\/carp-austria.com\/sk\/redakcia\/\",\n    \"description\": \"Redak\u010dn\u00fd t\u00edm Carp Austria s viac ako 40 rokmi praxe v kapr\u00e1rine, love dravcov, ryb\u00e1rskych ve\u013etrhoch, kaprov\u00fdch n\u00e1strah\u00e1ch a ryb\u00e1rskom know-how.\",\n    \"knowsAbout\": [\n      \"kapr\u00e1rina\",\n      \"lov dravcov\",\n      \"lov sumcov\",\n      \"pr\u00edvla\u010d\",\n      \"kaprov\u00e9 mont\u00e1\u017ee\",\n      \"kaprov\u00e9 nadv\u00e4zce\",\n      \"Boilie\",\n      \"Pop-Up Boilie\",\n      \"n\u00e1strahy na h\u00e1\u010dik\",\n      \"krmn\u00e9 zmesi\",\n      \"ryb\u00e1rske pr\u00faty\",\n      \"ryb\u00e1rske navijaky\",\n      \"ryb\u00e1rske vlasce a \u0161n\u00fary\",\n      \"hl\u00e1si\u010de z\u00e1beru\",\n      \"elektronick\u00e9 hl\u00e1si\u010de z\u00e1beru\",\n      \"Rod Pod\",\n      \"Bankstick\",\n      \"kapr\u00e1rsky podber\u00e1k\",\n      \"podlo\u017eka pod kapra\",\n      \"v\u00e1\u017eiaci sak\",\n      \"zav\u00e1\u017eacia lo\u010fka\",\n      \"ryb\u00e1rske olovo\",\n      \"ryb\u00e1rske ve\u013etrhy\",\n      \"ryb\u00e1rske obchody v Rak\u00fasku\",\n      \"ryb\u00e1rske rev\u00edry v Rak\u00fasku\",\n      \"kaprov\u00e9 rev\u00edry v Eur\u00f3pe\",\n      \"rev\u00edry na lov dravcov v Eur\u00f3pe\"\n    ],\n    \"areaServed\": {\n      \"@type\": \"Place\",\n      \"name\": \"Europe\"\n    },\n    \"sameAs\": [\n      \"https:\/\/www.facebook.com\/carpfishingshow\",\n      \"https:\/\/www.instagram.com\/carpaustria\/\"\n    ],\n    \"parentOrganization\": {\n      \"@type\": \"Organization\",\n      \"@id\": \"https:\/\/carp-austria.com\/#organization\",\n      \"name\": \"Carp Austria\",\n      \"url\": \"https:\/\/carp-austria.com\/\"\n    }\n  }\n}\n<\/script>\n\n<section class=\"ca-redaktion-intro\">\n  <div class=\"ca-redaktion-intro__card\">\n    <div class=\"ca-redaktion-intro__image\">\n      <img src=\"data:image\/gif;base64,R0lGODlhAQABAAAAACH5BAEKAAEALAAAAAABAAEAAAICTAEAOw==\" alt=\"Redakcia Carp Austria\" width=\"140\" height=\"140\" loading=\"eager\" decoding=\"async\" class=\"lazyload\" data-src=\"https:\/\/carp-austria.com\/wp-content\/uploads\/2026\/04\/author-transparent.svg\">\n    <\/div>\n\n    <div class=\"ca-redaktion-intro__content\">\n      <h1>Redakcia Carp Austria<\/h1>\n\n      <p>\n        Redakciu Carp Austria tvoria zap\u00e1len\u00ed ryb\u00e1ri s dlhoro\u010dn\u00fdmi sk\u00fasenos\u0165ami\n        v kapr\u00e1rine, love dravcov a modern\u00fdch ryb\u00e1rskych technik\u00e1ch v Rak\u00fasku a Eur\u00f3pe.\n      <\/p>\n\n      <p>\n        N\u00e1\u0161 t\u00edm pravidelne testuje ryb\u00e1rske vybavenie, nav\u0161tevuje a organizuje ryb\u00e1rske ve\u013etrhy,\n        vyr\u00e1ba vlastn\u00e9 Boilie a m\u00e1 sk\u00fasenosti aj so spr\u00e1vou a \u00faspe\u0161n\u00fdm veden\u00edm ryb\u00e1rskych rev\u00edrov.\n      <\/p>\n\n      <p>\n        S viac ako 40 rokmi spolo\u010dnej praxe zdie\u013eame overen\u00e9 odborn\u00e9 znalosti\n        o kapr\u00e1rine, love dravcov, kaprov\u00fdch n\u00e1strah\u00e1ch a modernom ryb\u00e1rskom know-how \u2013\n        priamo od vody pre re\u00e1lne pou\u017eitie v praxi.\n      <\/p>\n\n      <ul class=\"ca-redaktion-intro__highlights\">\n        <li>Viac ako 40 rokov sk\u00fasenost\u00ed s kapr\u00e1rinou a lovom dravcov<\/li>\n        <li>Praktick\u00e9 sk\u00fasenosti priamo od vody \u2013 nie te\u00f3ria<\/li>\n        <li>Report\u00e1\u017ee z ryb\u00e1rskej sc\u00e9ny, ve\u013etrhov a od vystavovate\u013eov<\/li>\n        <li>Zameranie na kapr\u00e1rinu, lov dravcov, n\u00e1strahy a ryb\u00e1rske know-how<\/li>\n      <\/ul>\n    <\/div>\n  <\/div>\n\n  <div class=\"ca-redaktion-section\">\n    <h2>Odbornos\u0165 v kapr\u00e1rine a love dravcov<\/h2>\n    <p>\n      Redakcia Carp Austria sa intenz\u00edvne venuje v\u0161etk\u00fdm oblastiam modern\u00e9ho rybolovu \u2013\n      od klasick\u00fdch kaprov\u00fdch mont\u00e1\u017e\u00ed cez efekt\u00edvne techniky lovu dravcov a\u017e po aktu\u00e1lny v\u00fdvoj\n      v ryb\u00e1rskom odvetv\u00ed.\n    <\/p>\n    <p>\n      V\u017edy je pre n\u00e1s rozhoduj\u00faca prax pri vode. Na\u0161e \u010dl\u00e1nky vych\u00e1dzaj\u00fa zo skuto\u010dn\u00fdch sk\u00fasenost\u00ed,\n      testovania, n\u00e1v\u0161tev ve\u013etrhov a priameho kontaktu s v\u00fdrobcami, vystavovate\u013emi a ryb\u00e1rmi\n      z celej sc\u00e9ny.\n    <\/p>\n  <\/div>\n\n  <div class=\"ca-redaktion-section\">\n    <h2>Vystavovatelia, novinky, n\u00e1strahy a trendy z ryb\u00e1rskej sc\u00e9ny<\/h2>\n    <p>\n      Osobitn\u00fa pozornos\u0165 venujeme nov\u00fdm produktom, vystavovate\u013eom, kaprov\u00fdm n\u00e1strah\u00e1m, rekordom\n      a aktu\u00e1lnym t\u00e9mam okolo ve\u013etrhu Carp Austria. Na ve\u013etrhoch a podujatiach zbierame sk\u00fasenosti\n      z prvej ruky a odovzd\u00e1vame ich \u010falej formou \u010dl\u00e1nkov, odpor\u00fa\u010dan\u00ed a praktick\u00fdch postrehov.\n    <\/p>\n    <p>\n      Viac n\u00e1jde\u0161 v na\u0161ich kateg\u00f3ri\u00e1ch\n      <a href=\"\">vystavovatelia<\/a>,\n      <a href=\"\">kaprov\u00e9 n\u00e1strahy<\/a>,\n      <a href=\"\">novinky<\/a>,\n      <a href=\"\">magaz\u00edn<\/a> a\n      <a href=\"\">Carp Austria ve\u013etrh<\/a>.\n    <\/p>\n  <\/div>\n\n  <div class=\"ca-redaktion-section\">\n    <h2>Praktick\u00e9 znalosti pre ryb\u00e1rov<\/h2>\n    <p>\n      \u010ci u\u017e za\u010d\u00edna\u0161, alebo m\u00e1\u0161 za sebou roky sk\u00fasenost\u00ed \u2013 redakcia Carp Austria prin\u00e1\u0161a obsah,\n      ktor\u00fd m\u00f4\u017ee\u0161 okam\u017eite vyu\u017ei\u0165 v praxi. Na\u0161\u00edm cie\u013eom je zdie\u013ea\u0165 re\u00e1lne sk\u00fasenosti,\n      vysvetli\u0165 d\u00f4le\u017eit\u00e9 veci zrozumite\u013ene a pom\u00f4c\u0165 ti by\u0165 pri vode \u00faspe\u0161nej\u0161\u00ed.\n    <\/p>\n  <\/div>\n\n  <div class=\"ca-redaktion-section\">\n    <h2>Objav viac \u010dl\u00e1nkov redakcie Carp Austria<\/h2>\n    <p>\n      Objav \u010fal\u0161ie \u010dl\u00e1nky, report\u00e1\u017ee z ve\u013etrhov, novinky od vystavovate\u013eov, ryb\u00e1rske know-how\n      a t\u00e9my okolo kapr\u00e1riny, lovu dravcov a kaprov\u00fdch n\u00e1strah.\n    <\/p>\n    <p>\n      <a href=\"https:\/\/carp-austria.com\/sk\/casopis-news-fishing\/\">Objav viac \u010dl\u00e1nkov redakcie Carp Austria \u2192<\/a>\n    <\/p>\n  <\/div>\n<\/section>\n\n<\/div>\n\n<div class=\"gb-container gb-container-90055852\">\n<div class=\"gb-container gb-container-ea4f2e9e\">\n\n<h2 class=\"wp-block-heading\">\u010cl\u00e1nky redakcie Carp Austria<\/h2>\n\n\n\n<hr class=\"wp-block-separator has-alpha-channel-opacity\"\/>\n\n<\/div>\n\n\n<div class=\"gb-grid-wrapper gb-grid-wrapper-6591d90a gb-query-loop-wrapper\">\n<div class=\"gb-grid-column gb-grid-column-70e1e987 gb-query-loop-item post-121017 post type-post status-publish format-standard has-post-thumbnail hentry category-dravce-sumce category-vystavovatelia tag-deadbait tag-predator-tackle tag-privlacove-pruty tag-sumec tag-zeck-fishing\"><div class=\"gb-container gb-container-70e1e987\">\n<figure class=\"gb-block-image gb-block-image-5f5826e8\"><img loading=\"lazy\" decoding=\"async\" width=\"1400\" height=\"933\" src=\"data:image\/gif;base64,R0lGODlhAQABAAAAACH5BAEKAAEALAAAAAABAAEAAAICTAEAOw==\" class=\"gb-image-5f5826e8 lazyload\" alt=\"Zeck Fishing\" sizes=\"auto, (max-width: 1400px) 100vw, 1400px\" data-src=\"https:\/\/carp-austria.com\/wp-content\/uploads\/2024\/11\/zeckfishing.jpg\" data-srcset=\"https:\/\/carp-austria.com\/wp-content\/uploads\/2024\/11\/zeckfishing.jpg 1400w, https:\/\/carp-austria.com\/wp-content\/uploads\/2024\/11\/zeckfishing-360x240.jpg 360w, https:\/\/carp-austria.com\/wp-content\/uploads\/2024\/11\/zeckfishing-1080x720.jpg 1080w, https:\/\/carp-austria.com\/wp-content\/uploads\/2024\/11\/zeckfishing-768x512.jpg 768w\"><\/figure>\n\n<h2 class=\"gb-headline gb-headline-7b090171 gb-headline-text\"><a href=\"https:\/\/carp-austria.com\/sk\/zeck\/\">Zeck Fishing \u2013 v\u00fdbava na lov dravcov a sumcov<\/a><\/h2>\n\n<p class=\"gb-headline gb-headline-18ed8b8c gb-headline-text\"><time class=\"entry-date published\" datetime=\"2026-04-15T15:33:06+02:00\">15. apr\u00edla 2026<\/time><\/p>\n\n<div class=\"gb-headline gb-headline-0d561cbd gb-headline-text\">Zeck Fishing predstavuje modern\u00fa v\u00fdbavu na lov dravcov a sumcov. Na Carp Austria objav\u00ed\u0161 pr\u00edvla\u010dov\u00e9 pr\u00faty, deadbait syst\u00e9my a inovat\u00edvny tackle pre n\u00e1ro\u010dn\u00fdch ryb\u00e1rov. &#8230; <a title=\"Zeck Fishing \u2013 v\u00fdbava na lov dravcov a sumcov\" class=\"read-more\" href=\"https:\/\/carp-austria.com\/sk\/zeck\/\" aria-label=\"Pre\u010d\u00edtajte si viac o Zeck Fishing \u2013 v\u00fdbava na lov dravcov a sumcov\">Read more<\/a><\/div>\n<\/div><\/div>\n\n<div class=\"gb-grid-column gb-grid-column-70e1e987 gb-query-loop-item post-108925 post type-post status-publish format-standard has-post-thumbnail hentry category-oblecenie-outdoor-vybavenie category-vystavovatelia\"><div class=\"gb-container gb-container-70e1e987\">\n<figure class=\"gb-block-image gb-block-image-5f5826e8\"><img loading=\"lazy\" decoding=\"async\" width=\"1200\" height=\"800\" src=\"data:image\/gif;base64,R0lGODlhAQABAAAAACH5BAEKAAEALAAAAAABAAEAAAICTAEAOw==\" class=\"gb-image-5f5826e8 lazyload\" alt=\"\" sizes=\"auto, (max-width: 1200px) 100vw, 1200px\" data-src=\"https:\/\/carp-austria.com\/wp-content\/uploads\/2025\/11\/COAST-TXM50R-2408A-P581-1201x800-5b2df79.jpg\" data-srcset=\"https:\/\/carp-austria.com\/wp-content\/uploads\/2025\/11\/COAST-TXM50R-2408A-P581-1201x800-5b2df79.jpg 1200w, https:\/\/carp-austria.com\/wp-content\/uploads\/2025\/11\/COAST-TXM50R-2408A-P581-1201x800-5b2df79-360x240.jpg 360w, https:\/\/carp-austria.com\/wp-content\/uploads\/2025\/11\/COAST-TXM50R-2408A-P581-1201x800-5b2df79-1080x720.jpg 1080w, https:\/\/carp-austria.com\/wp-content\/uploads\/2025\/11\/COAST-TXM50R-2408A-P581-1201x800-5b2df79-155x103.jpg 155w, https:\/\/carp-austria.com\/wp-content\/uploads\/2025\/11\/COAST-TXM50R-2408A-P581-1201x800-5b2df79-768x512.jpg 768w\"><\/figure>\n\n<h2 class=\"gb-headline gb-headline-7b090171 gb-headline-text\"><a href=\"https:\/\/carp-austria.com\/sk\/schuecker-protextil\/\">Schuecker Protextiles \u2013 COAST lampy a outdoor v\u00fdbava<\/a><\/h2>\n\n<p class=\"gb-headline gb-headline-18ed8b8c gb-headline-text\"><time class=\"entry-date published\" datetime=\"2025-11-29T16:25:02+01:00\">29. novembra 2025<\/time><\/p>\n\n<div class=\"gb-headline gb-headline-0d561cbd gb-headline-text\">Schuecker Protextiles pon\u00faka kvalitn\u00e9 COAST \u010delovky, outdoor a pracovn\u00e9 oble\u010denie aj doplnky. Ak h\u013ead\u00e1\u0161 spo\u013eahliv\u00fa v\u00fdbavu, n\u00e1jde\u0161 tu maxim\u00e1lnu kvalitu pre ka\u017ed\u00e9 pou\u017eitie. Objavte &#8230; <a title=\"Schuecker Protextiles \u2013 COAST lampy a outdoor v\u00fdbava\" class=\"read-more\" href=\"https:\/\/carp-austria.com\/sk\/schuecker-protextil\/\" aria-label=\"Pre\u010d\u00edtajte si viac o Schuecker Protextiles \u2013 COAST lampy a outdoor v\u00fdbava\">Read more<\/a><\/div>\n<\/div><\/div>\n\n<div class=\"gb-grid-column gb-grid-column-70e1e987 gb-query-loop-item post-107554 post type-post status-publish format-standard has-post-thumbnail hentry category-vystavovatelia\"><div class=\"gb-container gb-container-70e1e987\">\n<figure class=\"gb-block-image gb-block-image-5f5826e8\"><img loading=\"lazy\" decoding=\"async\" width=\"1280\" height=\"800\" src=\"data:image\/gif;base64,R0lGODlhAQABAAAAACH5BAEKAAEALAAAAAABAAEAAAICTAEAOw==\" class=\"gb-image-5f5826e8 lazyload\" alt=\"\" sizes=\"auto, (max-width: 1280px) 100vw, 1280px\" data-src=\"https:\/\/carp-austria.com\/wp-content\/uploads\/2025\/11\/z-boat-mietboot-karpfenboot.jpg\" data-srcset=\"https:\/\/carp-austria.com\/wp-content\/uploads\/2025\/11\/z-boat-mietboot-karpfenboot.jpg 1280w, https:\/\/carp-austria.com\/wp-content\/uploads\/2025\/11\/z-boat-mietboot-karpfenboot-360x225.jpg 360w, https:\/\/carp-austria.com\/wp-content\/uploads\/2025\/11\/z-boat-mietboot-karpfenboot-1080x675.jpg 1080w, https:\/\/carp-austria.com\/wp-content\/uploads\/2025\/11\/z-boat-mietboot-karpfenboot-155x97.jpg 155w, https:\/\/carp-austria.com\/wp-content\/uploads\/2025\/11\/z-boat-mietboot-karpfenboot-768x480.jpg 768w\"><\/figure>\n\n<h2 class=\"gb-headline gb-headline-7b090171 gb-headline-text\"><a href=\"https:\/\/carp-austria.com\/sk\/z-boats\/\">Z-Boats ryb\u00e1rske a kapr\u00e1rske \u010dlny<\/a><\/h2>\n\n<p class=\"gb-headline gb-headline-18ed8b8c gb-headline-text\"><time class=\"entry-date published\" datetime=\"2025-11-26T22:59:19+01:00\">26. novembra 2025<\/time><\/p>\n\n<div class=\"gb-headline gb-headline-0d561cbd gb-headline-text\">Z-Boats pon\u00faka kvalitn\u00e9 ryb\u00e1rske a kapr\u00e1rske \u010dlny pre n\u00e1ro\u010dn\u00fdch ryb\u00e1rov. Ak chce\u0161 k\u00fapi\u0165 \u010dln, n\u00e1jde\u0161 tu modern\u00e9 technol\u00f3gie a prisp\u00f4sobite\u013en\u00e9 modely. V\u00e1\u0161e\u0148. Remeseln\u00e1 zru\u010dnos\u0165. &#8230; <a title=\"Z-Boats ryb\u00e1rske a kapr\u00e1rske \u010dlny\" class=\"read-more\" href=\"https:\/\/carp-austria.com\/sk\/z-boats\/\" aria-label=\"Pre\u010d\u00edtajte si viac o Z-Boats ryb\u00e1rske a kapr\u00e1rske \u010dlny\">Read more<\/a><\/div>\n<\/div><\/div>\n\n<div class=\"gb-grid-column gb-grid-column-70e1e987 gb-query-loop-item post-107492 post type-post status-publish format-standard has-post-thumbnail hentry category-vystavovatelia\"><div class=\"gb-container gb-container-70e1e987\">\n<figure class=\"gb-block-image gb-block-image-5f5826e8\"><img loading=\"lazy\" decoding=\"async\" width=\"1280\" height=\"950\" src=\"data:image\/gif;base64,R0lGODlhAQABAAAAACH5BAEKAAEALAAAAAABAAEAAAICTAEAOw==\" class=\"gb-image-5f5826e8 lazyload\" alt=\"\" sizes=\"auto, (max-width: 1280px) 100vw, 1280px\" data-src=\"https:\/\/carp-austria.com\/wp-content\/uploads\/2025\/11\/skeater.jpg\" data-srcset=\"https:\/\/carp-austria.com\/wp-content\/uploads\/2025\/11\/skeater.jpg 1280w, https:\/\/carp-austria.com\/wp-content\/uploads\/2025\/11\/skeater-360x267.jpg 360w, https:\/\/carp-austria.com\/wp-content\/uploads\/2025\/11\/skeater-1080x802.jpg 1080w, https:\/\/carp-austria.com\/wp-content\/uploads\/2025\/11\/skeater-155x115.jpg 155w, https:\/\/carp-austria.com\/wp-content\/uploads\/2025\/11\/skeater-768x570.jpg 768w\"><\/figure>\n\n<h2 class=\"gb-headline gb-headline-7b090171 gb-headline-text\"><a href=\"https:\/\/carp-austria.com\/sk\/skeater\/\">Skeater Fishing \u2013 predator vybavenie a n\u00e1strahy<\/a><\/h2>\n\n<p class=\"gb-headline gb-headline-18ed8b8c gb-headline-text\"><time class=\"entry-date published\" datetime=\"2025-11-26T22:15:33+01:00\">26. novembra 2025<\/time><\/p>\n\n<div class=\"gb-headline gb-headline-0d561cbd gb-headline-text\">Skeater Fishing pon\u00faka kvalitn\u00e9 predator vybavenie a n\u00e1strahy pre n\u00e1ro\u010dn\u00fdch ryb\u00e1rov. Ak chce\u0161 k\u00fapi\u0165 Skeater Fishing produkty, n\u00e1jde\u0161 tu rie\u0161enia pre \u00faspe\u0161n\u00fd lov dravcov. &#8230; <a title=\"Skeater Fishing \u2013 predator vybavenie a n\u00e1strahy\" class=\"read-more\" href=\"https:\/\/carp-austria.com\/sk\/skeater\/\" aria-label=\"Pre\u010d\u00edtajte si viac o Skeater Fishing \u2013 predator vybavenie a n\u00e1strahy\">Read more<\/a><\/div>\n<\/div><\/div>\n\n<div class=\"gb-grid-column gb-grid-column-70e1e987 gb-query-loop-item post-107460 post type-post status-publish format-standard has-post-thumbnail hentry category-vystavovatelia\"><div class=\"gb-container gb-container-70e1e987\">\n<figure class=\"gb-block-image gb-block-image-5f5826e8\"><img loading=\"lazy\" decoding=\"async\" width=\"1280\" height=\"850\" src=\"data:image\/gif;base64,R0lGODlhAQABAAAAACH5BAEKAAEALAAAAAABAAEAAAICTAEAOw==\" class=\"gb-image-5f5826e8 lazyload\" alt=\"\" sizes=\"auto, (max-width: 1280px) 100vw, 1280px\" data-src=\"https:\/\/carp-austria.com\/wp-content\/uploads\/2025\/11\/Iglice-fishing.jpg\" data-srcset=\"https:\/\/carp-austria.com\/wp-content\/uploads\/2025\/11\/Iglice-fishing.jpg 1280w, https:\/\/carp-austria.com\/wp-content\/uploads\/2025\/11\/Iglice-fishing-360x239.jpg 360w, https:\/\/carp-austria.com\/wp-content\/uploads\/2025\/11\/Iglice-fishing-1080x717.jpg 1080w, https:\/\/carp-austria.com\/wp-content\/uploads\/2025\/11\/Iglice-fishing-155x103.jpg 155w, https:\/\/carp-austria.com\/wp-content\/uploads\/2025\/11\/Iglice-fishing-768x510.jpg 768w\"><\/figure>\n\n<h2 class=\"gb-headline gb-headline-7b090171 gb-headline-text\"><a href=\"https:\/\/carp-austria.com\/sk\/iglice\/\">Ryb\u00e1r\u010denie v Ma\u010farsku \u2013 chaty pri jazere &#8211; Iglice<\/a><\/h2>\n\n<p class=\"gb-headline gb-headline-18ed8b8c gb-headline-text\"><time class=\"entry-date published\" datetime=\"2025-11-26T21:06:47+01:00\">26. novembra 2025<\/time><\/p>\n\n<div class=\"gb-headline gb-headline-0d561cbd gb-headline-text\">Za\u017ei ryb\u00e1r\u010denie v Ma\u010farsku s exkluz\u00edvnymi chatami priamo pri vode. Ak h\u013ead\u00e1\u0161 pokoj a s\u00fakromn\u00fd pr\u00edstup k jazeru, n\u00e1jde\u0161 tu ide\u00e1lne podmienky. Rekre\u00e1cia sa &#8230; <a title=\"Ryb\u00e1r\u010denie v Ma\u010farsku \u2013 chaty pri jazere &#8211; Iglice\" class=\"read-more\" href=\"https:\/\/carp-austria.com\/sk\/iglice\/\" aria-label=\"Pre\u010d\u00edtajte si viac o Ryb\u00e1r\u010denie v Ma\u010farsku \u2013 chaty pri jazere &#8211; Iglice\">Read more<\/a><\/div>\n<\/div><\/div>\n\n<div class=\"gb-grid-column gb-grid-column-70e1e987 gb-query-loop-item post-107215 post type-post status-publish format-standard has-post-thumbnail hentry category-unkategorisiert\"><div class=\"gb-container gb-container-70e1e987\">\n<figure class=\"gb-block-image gb-block-image-5f5826e8\"><img loading=\"lazy\" decoding=\"async\" width=\"1200\" height=\"900\" src=\"data:image\/gif;base64,R0lGODlhAQABAAAAACH5BAEKAAEALAAAAAABAAEAAAICTAEAOw==\" class=\"gb-image-5f5826e8 lazyload\" alt=\"Carp Austria\" sizes=\"auto, (max-width: 1200px) 100vw, 1200px\" data-src=\"https:\/\/carp-austria.com\/wp-content\/uploads\/2025\/11\/carp-austria.jpg\" data-srcset=\"https:\/\/carp-austria.com\/wp-content\/uploads\/2025\/11\/carp-austria.jpg 1200w, https:\/\/carp-austria.com\/wp-content\/uploads\/2025\/11\/carp-austria-360x270.jpg 360w, https:\/\/carp-austria.com\/wp-content\/uploads\/2025\/11\/carp-austria-1080x810.jpg 1080w, https:\/\/carp-austria.com\/wp-content\/uploads\/2025\/11\/carp-austria-155x116.jpg 155w, https:\/\/carp-austria.com\/wp-content\/uploads\/2025\/11\/carp-austria-768x576.jpg 768w, https:\/\/carp-austria.com\/wp-content\/uploads\/2025\/11\/carp-austria-800x600.jpg 800w\"><\/figure>\n\n<h2 class=\"gb-headline gb-headline-7b090171 gb-headline-text\"><a href=\"https:\/\/carp-austria.com\/sk\/carp-austria-2025-najvaecsi-a-najlepsi-carp-austria-v-historii\/\">Carp Austria 2025 &#8211; Najv\u00e4\u010d\u0161\u00ed a najlep\u0161\u00ed Carp Austria v hist\u00f3rii!<\/a><\/h2>\n\n<p class=\"gb-headline gb-headline-18ed8b8c gb-headline-text\"><time class=\"entry-date published\" datetime=\"2025-11-26T17:35:58+01:00\">26. novembra 2025<\/time><\/p>\n\n<div class=\"gb-headline gb-headline-0d561cbd gb-headline-text\">Hovor\u00edme to u\u017e roky &#8211; a v\u017edy je to pravda: &#8222;Najv\u00e4\u010d\u0161\u00ed a najlep\u0161\u00ed kapor Rak\u00faska v\u0161etk\u00fdch \u010dias.&#8220; A \u00e1no &#8211; plat\u00ed to aj v &#8230; <a title=\"Carp Austria 2025 &#8211; Najv\u00e4\u010d\u0161\u00ed a najlep\u0161\u00ed Carp Austria v hist\u00f3rii!\" class=\"read-more\" href=\"https:\/\/carp-austria.com\/sk\/carp-austria-2025-najvaecsi-a-najlepsi-carp-austria-v-historii\/\" aria-label=\"Pre\u010d\u00edtajte si viac o Carp Austria 2025 &#8211; Najv\u00e4\u010d\u0161\u00ed a najlep\u0161\u00ed Carp Austria v hist\u00f3rii!\">Read more<\/a><\/div>\n<\/div><\/div>\n<\/div>\n\n<\/div>\n\n\n<div class=\"wp-block-buttons is-layout-flex wp-block-buttons-is-layout-flex\">\n<div class=\"wp-block-button has-custom-width wp-block-button__width-100 is-style-fill\"><a class=\"wp-block-button__link has-large-font-size has-custom-font-size wp-element-button\" href=\"https:\/\/carp-austria.com\/sk\/casopis-news-fishing\/\" style=\"border-top-left-radius:0px;border-top-right-radius:0px;border-bottom-left-radius:0px;border-bottom-right-radius:0px\">Objav viac \u010dl\u00e1nkov redakcie Carp Austria \u2192<\/a><\/div>\n<\/div>\n\n<\/div>\n\n\n<p><\/p>\n","protected":false},"excerpt":{"rendered":"<p>Redakcia Carp Austria Redakciu Carp Austria tvoria zap\u00e1len\u00ed ryb\u00e1ri s dlhoro\u010dn\u00fdmi sk\u00fasenos\u0165ami v kapr\u00e1rine, love dravcov a modern\u00fdch ryb\u00e1rskych technik\u00e1ch v Rak\u00fasku a Eur\u00f3pe. &#8230; <a title=\"Redakcia Carp Austria\" class=\"read-more\" href=\"https:\/\/carp-austria.com\/sk\/redakcia\/\" aria-label=\"Pre\u010d\u00edtajte si viac o Redakcia Carp Austria\">Read more<\/a><\/p>\n","protected":false},"author":1,"featured_media":0,"parent":0,"menu_order":0,"comment_status":"closed","ping_status":"closed","template":"","meta":{"_acf_changed":false,"inline_featured_image":false,"iawp_total_views":1,"footnotes":""},"class_list":["post-123015","page","type-page","status-publish"],"acf":[],"_links":{"self":[{"href":"https:\/\/carp-austria.com\/sk\/wp-json\/wp\/v2\/pages\/123015","targetHints":{"allow":["GET"]}}],"collection":[{"href":"https:\/\/carp-austria.com\/sk\/wp-json\/wp\/v2\/pages"}],"about":[{"href":"https:\/\/carp-austria.com\/sk\/wp-json\/wp\/v2\/types\/page"}],"author":[{"embeddable":true,"href":"https:\/\/carp-austria.com\/sk\/wp-json\/wp\/v2\/users\/1"}],"replies":[{"embeddable":true,"href":"https:\/\/carp-austria.com\/sk\/wp-json\/wp\/v2\/comments?post=123015"}],"version-history":[{"count":0,"href":"https:\/\/carp-austria.com\/sk\/wp-json\/wp\/v2\/pages\/123015\/revisions"}],"wp:attachment":[{"href":"https:\/\/carp-austria.com\/sk\/wp-json\/wp\/v2\/media?parent=123015"}],"curies":[{"name":"wp","href":"https:\/\/api.w.org\/{rel}","templated":true}]}}