{"id":97284,"date":"2023-09-10T12:55:55","date_gmt":"2023-09-10T12:55:55","guid":{"rendered":"https:\/\/carp-austria.com\/economisiti-2-euro-la-biletul-de-intrare-pe-zi\/"},"modified":"2025-11-11T01:28:41","modified_gmt":"2025-11-11T01:28:41","slug":"economisiti-2-euro-la-biletul-de-intrare-pe-zi","status":"publish","type":"page","link":"https:\/\/carp-austria.com\/ro\/economisiti-2-euro-la-biletul-de-intrare-pe-zi\/","title":{"rendered":"Economisi\u021bi 2 euro la biletul de intrare pe zi"},"content":{"rendered":"<div class=\"gb-container gb-container-9246363a\">\n<div class=\"gb-container gb-container-2783b598\">\n\n<h2 class=\"gb-headline gb-headline-c8ddb13f gb-headline-text\">Voucher de reducere pentru bilete<\/h2>\n\n\n\n<p>Ob\u021bine\u021bi acum voucherul dvs. de reducere de <strong>2 euro<\/strong> pentru Carp Austria 2025. <strong>Completa\u021bi formularul<\/strong> \u0219i face\u021bi clic pe <strong>\u00ceNREGISTRARE<\/strong> \u0219i v\u0103 vom trimite voucherul dvs. de reducere pe care s\u0103 \u00eel imprima\u021bi prin e-mail. Ve\u021bi primi un bilet de o zi la tariful redus de <strong>13 euro \u00een loc de <s>15 euro<\/s><\/strong> atunci c\u00e2nd preda\u021bi cele 2 vouchere la casa de bilete. <\/p>\n\n<\/div>\n<\/div>\n<iframe loading=\"lazy\" width=\"750\" height=\"1200\" src=\"https:\/\/e6d171b5.sibforms.com\/serve\/MUIFAMliSucCLdDg3sIGU4mX9GPw_CJCVGCxKR70mPB_MmjHnYjLNmBizUQu2EPZsEH2ADEC8djRY8zyqs_6TT-D7aPmTNRiNzTopZ8Qza2HaKPRFyuQi1QnRp6fdU-uZaObjF3umkVNiQjYvieVj8ZFEVfr43xTwVagTc8q2FFcfRdHtx2MzU5qUWalYNF_GYB-wRg507E-YCAK\" frameborder=\"0\" scrolling=\"auto\" allowfullscreen=\"\" style=\"display: block;margin-left: auto;margin-right: auto;max-width: 100%;\"><\/iframe>\n\n<p><\/p>\n","protected":false},"excerpt":{"rendered":"<p>Voucher de reducere pentru bilete Ob\u021bine\u021bi acum voucherul dvs. de reducere de 2 euro pentru Carp Austria 2025. Completa\u021bi formularul \u0219i face\u021bi clic pe &#8230; <a title=\"Economisi\u021bi 2 euro la biletul de intrare pe zi\" class=\"read-more\" href=\"https:\/\/carp-austria.com\/ro\/economisiti-2-euro-la-biletul-de-intrare-pe-zi\/\" aria-label=\"Cite\u0219te mai multe despre Economisi\u021bi 2 euro la biletul de intrare pe zi\">Read more<\/a><\/p>\n","protected":false},"author":1,"featured_media":0,"parent":0,"menu_order":0,"comment_status":"closed","ping_status":"closed","template":"","meta":{"_acf_changed":false,"inline_featured_image":false,"iawp_total_views":0,"footnotes":""},"class_list":["post-97284","page","type-page","status-publish"],"acf":[],"_links":{"self":[{"href":"https:\/\/carp-austria.com\/ro\/wp-json\/wp\/v2\/pages\/97284","targetHints":{"allow":["GET"]}}],"collection":[{"href":"https:\/\/carp-austria.com\/ro\/wp-json\/wp\/v2\/pages"}],"about":[{"href":"https:\/\/carp-austria.com\/ro\/wp-json\/wp\/v2\/types\/page"}],"author":[{"embeddable":true,"href":"https:\/\/carp-austria.com\/ro\/wp-json\/wp\/v2\/users\/1"}],"replies":[{"embeddable":true,"href":"https:\/\/carp-austria.com\/ro\/wp-json\/wp\/v2\/comments?post=97284"}],"version-history":[{"count":0,"href":"https:\/\/carp-austria.com\/ro\/wp-json\/wp\/v2\/pages\/97284\/revisions"}],"wp:attachment":[{"href":"https:\/\/carp-austria.com\/ro\/wp-json\/wp\/v2\/media?parent=97284"}],"curies":[{"name":"wp","href":"https:\/\/api.w.org\/{rel}","templated":true}]}}