{"id":44715,"date":"2023-06-19T12:23:45","date_gmt":"2023-06-19T12:23:45","guid":{"rendered":"https:\/\/carp-austria.com\/campanii-de-targuri-comerciale-2024\/"},"modified":"2025-11-30T15:15:24","modified_gmt":"2025-11-30T15:15:24","slug":"campanii-de-targuri-comerciale-2024","status":"publish","type":"page","link":"https:\/\/carp-austria.com\/ro\/campanii-de-targuri-comerciale-2024\/","title":{"rendered":"Revista Carp Austria 2025"},"content":{"rendered":"\n<h2 class=\"wp-block-heading\"><strong>A\u0219tepta\u021bi cu ner\u0103bdare un foc de artificii cu cele mai importante evenimente, o perspectiv\u0103 exclusiv\u0103 asupra promo\u021biilor imbatabile de la t\u00e2rg \u0219i \u0219tiri interesante despre expozan\u021bi \u0219i echipamente de pescuit!<\/strong><\/h2>\n\n<p><strong>Aten\u021bie: Nu ve\u021bi g\u0103si echipamente de pescuit \u0219i momeli mai ieftine nic\u0103ieri altundeva &#8211; doar la Carp Austria!<\/strong><\/p>\n\n<hr class=\"wp-block-separator has-alpha-channel-opacity\"\/>\n\n<h3 class=\"wp-block-heading\"><strong>Revista Carp Austria 2025<\/strong><\/h3>\n\n<p>v\u0103 ofer\u0103 o idee despre ceea ce v\u0103 a\u0219teapt\u0103 la cel mai mare \u0219i mai bun Carp Austria de p\u00e2n\u0103 acum.<br\/>V\u0103 pute\u021bi a\u0219tepta la aproximativ <strong>200 de pagini pline de puncte de atrac\u021bie<\/strong>, informa\u021bii interesante, inova\u021bii, prezent\u0103ri ale expozan\u021bilor \u0219i <strong>oferte de t\u00e2rg exclusive<\/strong> care sunt <strong>disponibile numai la fa\u021ba locului<\/strong>!<\/p>\n\n<h2 class=\"gb-headline gb-headline-24aa217b gb-headline-text\">\ud83d\ude2e Distreaz\u0103-te navig\u00e2nd \ud83d\udc47\ud83d\udc47\ud83d\udc47<\/h2>\n\n<div style=\"position:relative;overflow:hidden;height:1119px;max-width:100%;\" data-page-width=\"451\" data-page-height=\"640\"><iframe style=\"position:absolute;top:0;left:0;width:100%;height:100%;\" src=\"https:\/\/www.yumpu.com\/de\/embed\/view\/6ECjIMPhwKmxelYJ\" frameborder=\"0\" allowfullscreen=\"true\" allowtransparency=\"true\"><\/iframe><\/div>\n\n<hr class=\"wp-block-separator has-alpha-channel-opacity\"\/>\n<div class=\"gb-container gb-container-ae2316b3\"><div class=\"gb-inside-container\">\n<div class=\"gb-grid-wrapper gb-grid-wrapper-6ab68510\">\n<div class=\"gb-grid-column gb-grid-column-56e10727\"><div class=\"gb-container gb-container-56e10727\"><div class=\"gb-inside-container\">\n\n<h2 class=\"gb-headline gb-headline-ec17aad4 gb-headline-text\"><strong><strong>Cump\u0103ra\u021bi acum abonamentul online pentru o zi \u0219i promo\u021biile pentru g\u0103le\u021bi!<\/strong><\/strong><\/h2>\n\n\n<div class=\"gb-container gb-container-e69c7d2d\">\n                    <div class=\"tickera\">\r\n                                                    <div class=\"tc-event-table-wrap\">\r\n                                <table class=\"event_tickets tickera\">\r\n                                    <tr>\r\n                                                                                <th>Ticket Type<\/th>\r\n                                                                                <th>Price<\/th>\r\n                                                                                                                        <th>Cart<\/th>\r\n                                    <\/tr>\r\n                                                                                <tr>\r\n                                                                                        <td data-column=\"Ticket Type\">\ud83c\udf9f Tageskarte \u2013 Eintritt zur Messe (Day Ticket)<\/td>\r\n                                                                                        <td data-column=\"Price\">11 \u20ac<\/td>\r\n                                                                                                                                    <td data-column=\"Cart\"><form class=\"cart_form\"><input type=\"hidden\" id=\"nonce\" name=\"nonce\" value=\"e711bf89e8\" \/><input type=\"hidden\" name=\"_wp_http_referer\" value=\"\/ro\/wp-json\/wp\/v2\/pages\/44715\" \/><a href=\"#\" class=\"add_to_cart\" data-button-type=\"cart\" data-open-method=\"regular\" id=\"ticket_114499\"><span class=\"title\">Add to Cart<\/span><\/a><input type=\"hidden\" name=\"ticket_id\" class=\"ticket_id\" value=\"114499\" \/><\/form><\/td>\r\n                                            <\/tr>                                            <tr>\r\n                                                                                        <td data-column=\"Ticket Type\">\ud83d\udd25 Tageskarte + CA-Eimer \u2013 BESTER DEAL (Ticket + Bucket)<\/td>\r\n                                                                                        <td data-column=\"Price\">17 \u20ac<\/td>\r\n                                                                                                                                    <td data-column=\"Cart\"><form class=\"cart_form\"><input type=\"hidden\" id=\"nonce\" name=\"nonce\" value=\"e711bf89e8\" \/><input type=\"hidden\" name=\"_wp_http_referer\" value=\"\/ro\/wp-json\/wp\/v2\/pages\/44715\" \/><a href=\"#\" class=\"add_to_cart\" data-button-type=\"cart\" data-open-method=\"regular\" id=\"ticket_114500\"><span class=\"title\">Add to Cart<\/span><\/a><input type=\"hidden\" name=\"ticket_id\" class=\"ticket_id\" value=\"114500\" \/><\/form><\/td>\r\n                                            <\/tr>                                            <tr>\r\n                                                                                        <td data-column=\"Ticket Type\">\ud83d\udce6 5 Stk. CA Eimer \u2013 VORTEILSPACK (5x Camou Bucket) leer<\/td>\r\n                                                                                        <td data-column=\"Price\">29.90 \u20ac<\/td>\r\n                                                                                                                                    <td data-column=\"Cart\"><form class=\"cart_form\"><input type=\"hidden\" id=\"nonce\" name=\"nonce\" value=\"e711bf89e8\" \/><input type=\"hidden\" name=\"_wp_http_referer\" value=\"\/ro\/wp-json\/wp\/v2\/pages\/44715\" \/><a href=\"#\" class=\"add_to_cart\" data-button-type=\"cart\" data-open-method=\"regular\" id=\"ticket_114501\"><span class=\"title\">Add to Cart<\/span><\/a><input type=\"hidden\" name=\"ticket_id\" class=\"ticket_id\" value=\"114501\" \/><\/form><\/td>\r\n                                            <\/tr>                                            <tr>\r\n                                                                                        <td data-column=\"Ticket Type\">\ud83c\udf81 Raubfisch \u00dcberraschungs-Eimer \u2013 NUR AUF DER MESSE (Predator Surprise Bucket)<\/td>\r\n                                                                                        <td data-column=\"Price\">35.90 \u20ac<\/td>\r\n                                                                                                                                    <td data-column=\"Cart\"><form class=\"cart_form\"><input type=\"hidden\" id=\"nonce\" name=\"nonce\" value=\"e711bf89e8\" \/><input type=\"hidden\" name=\"_wp_http_referer\" value=\"\/ro\/wp-json\/wp\/v2\/pages\/44715\" \/><a href=\"#\" class=\"add_to_cart\" data-button-type=\"cart\" data-open-method=\"regular\" id=\"ticket_114502\"><span class=\"title\">Add to Cart<\/span><\/a><input type=\"hidden\" name=\"ticket_id\" class=\"ticket_id\" value=\"114502\" \/><\/form><\/td>\r\n                                            <\/tr>                                            <tr>\r\n                                                                                        <td data-column=\"Ticket Type\">\ud83d\udd25 Anaconda \u00dcberraschungs-Eimer \u2013 MEIST GEKAUFT (Surprise Bucket)<\/td>\r\n                                                                                        <td data-column=\"Price\">35.90 \u20ac<\/td>\r\n                                                                                                                                    <td data-column=\"Cart\"><form class=\"cart_form\"><input type=\"hidden\" id=\"nonce\" name=\"nonce\" value=\"e711bf89e8\" \/><input type=\"hidden\" name=\"_wp_http_referer\" value=\"\/ro\/wp-json\/wp\/v2\/pages\/44715\" \/><a href=\"#\" class=\"add_to_cart\" data-button-type=\"cart\" data-open-method=\"regular\" id=\"ticket_114503\"><span class=\"title\">Add to Cart<\/span><\/a><input type=\"hidden\" name=\"ticket_id\" class=\"ticket_id\" value=\"114503\" \/><\/form><\/td>\r\n                                            <\/tr>                                <\/table>\r\n                            <\/div><!-- .tc-event-table-wrap -->\r\n                                            <\/div><!-- tickera -->\r\n                    \n\n\n\n<p class=\"gb-headline gb-headline-d98b1e66 gb-headline-text\">sau aici:<\/p>\n\n\n<div class=\"gb-button-wrapper gb-button-wrapper-7c39275b\">\n\n<a class=\"gb-button gb-button-db436bca\" href=\"https:\/\/carp-austria.com\/ro\/magazin-de-bilete\/\"><span class=\"gb-button-text\"><strong>Magazin de bilete<\/strong> Carp Austria<\/span><span class=\"gb-icon\"><svg xmlns=\"http:\/\/www.w3.org\/2000\/svg\" xml:space=\"preserve\" style=\"enable-background:new 0 0 330 330\" viewbox=\"0 0 330 330\"><path d=\"M15 180h263.787l-49.394 49.394c-5.858 5.857-5.858 15.355 0 21.213C232.322 253.535 236.161 255 240 255s7.678-1.465 10.606-4.394l75-75c5.858-5.857 5.858-15.355 0-21.213l-75-75c-5.857-5.857-15.355-5.857-21.213 0-5.858 5.857-5.858 15.355 0 21.213L278.787 150H15c-8.284 0-15 6.716-15 15s6.716 15 15 15z\"><\/path><\/svg><\/span><\/a>\n\n<\/div>\n<\/div>\n\n\n<div style=\"height:31px\" aria-hidden=\"true\" class=\"wp-block-spacer\"><\/div>\n\n\n\n<h4 class=\"gb-headline gb-headline-2f07d386 gb-headline-text\"><mark class=\"gb-highlight\"><mark style=\"background-color:rgba(0, 0, 0, 0)\" class=\"has-inline-color has-global-color-8-color\">\u00dcberraschungs Eimer \u2013 <strong>Nur f\u00fcr Messebesucher<\/strong>\u00a0und\u00a0<strong>nur bei Online-Vorbestellung<\/strong>\u00a0\u2013 kein Versand,\u00a0<strong>Abholung auf der Carp Austria 2026<\/strong>\u00a0in\u00a0<strong>Wiener Neustadt<\/strong>!<br><\/mark><\/mark><\/h4>\n\n<\/div><\/div><\/div>\n<\/div>\n\n<div class=\"gb-grid-wrapper gb-grid-wrapper-90580e90\">\n<div class=\"gb-grid-column gb-grid-column-9a7f2995\"><div class=\"gb-container gb-container-9a7f2995\">\n<div class=\"gb-container gb-container-69dd71a1\">\n<div class=\"gb-container gb-container-2ebd2fbb\">\n\n<div class=\"wp-block-group is-vertical is-content-justification-center is-layout-flex wp-container-core-group-is-layout-4b2eccd6 wp-block-group-is-layout-flex\">\n<h4 class=\"gb-headline gb-headline-7595fea7 gb-headline-text\">Online acum<\/h4>\n\n\n\n<h4 class=\"wp-block-heading\">Cump\u0103ra\u021bi un bilet de o zi!<\/h4>\n<\/div>\n\n\n<div class=\"gb-container gb-container-532409be\">\n<div class=\"wp-block-image\">\n<figure class=\"aligncenter size-full\"><a href=\"https:\/\/carp-austria.com\/ro\/magazin-de-bilete\/\" target=\"_blank\" rel=\" noreferrer noopener\"><img loading=\"lazy\" decoding=\"async\" width=\"350\" height=\"350\" src=\"data:image\/gif;base64,R0lGODlhAQABAAAAACH5BAEKAAEALAAAAAABAAEAAAICTAEAOw==\" alt=\"Bilet online Carp-Austria 2025\" class=\"wp-image-75026 lazyload\" style=\"object-fit:cover\" sizes=\"auto, (max-width: 350px) 100vw, 350px\" data-src=\"https:\/\/carp-austria.com\/wp-content\/uploads\/2025\/02\/Online-Ticket-Carp-Austria-2025_350.jpg\" data-srcset=\"https:\/\/carp-austria.com\/wp-content\/uploads\/2025\/02\/Online-Ticket-Carp-Austria-2025_350.jpg 350w, https:\/\/carp-austria.com\/wp-content\/uploads\/2025\/02\/Online-Ticket-Carp-Austria-2025_350-155x155.jpg 155w\"><\/a><\/figure>\n<\/div>\n\n<div class=\"gb-container gb-container-5199dec2\">\n\n<div class=\"wp-block-group is-vertical is-layout-flex wp-container-core-group-is-layout-8cf370e7 wp-block-group-is-layout-flex\">\n<p>\u2705<strong>Intrare<\/strong> direct\u0103<strong>la t\u00e2rg<\/strong> &#8211; f\u0103r\u0103 a\u0219teptare la casa de bilete<\/p>\n\n\n\n<p>\u2705 Admitere s\u00e2mb\u0103t\u0103, 6 dec. <strong>de la 08:00 a.m.<\/strong><\/p>\n\n\n\n<p>\u2705 <strong>Participarea<\/strong> automat\u0103 la <strong><strong><a href=\"https:\/\/carp-austria.com\/ro\/castiga-accesorii-de-pescuit-in-valoare-de-500-de-euro\/\">500 \u20ac la tragerea la sor\u021bi a turneului de cump\u0103r\u0103turi<\/a><\/strong><\/strong><\/p>\n<\/div>\n\n<\/div>\n<\/div>\n<\/div>\n<\/div>\n<\/div><\/div>\n\n<div class=\"gb-grid-column gb-grid-column-68b34313\"><div class=\"gb-container gb-container-68b34313\">\n<div class=\"gb-container gb-container-a6edd56c\">\n\n<div class=\"wp-block-group is-vertical is-content-justification-center is-layout-flex wp-container-core-group-is-layout-4b2eccd6 wp-block-group-is-layout-flex\">\n<h4 class=\"gb-headline gb-headline-b1714ad6 gb-headline-text\">Bilet + g\u0103leat\u0103 de pescuit<\/h4>\n\n\n\n<h4 class=\"wp-block-heading has-text-align-center\">cump\u0103ra\u021bi acum!<\/h4>\n<\/div>\n\n\n<div class=\"gb-container gb-container-544ad66d\">\n<div class=\"wp-block-image\">\n<figure class=\"aligncenter size-full\"><a href=\"https:\/\/carp-austria.com\/ro\/magazin-de-bilete\/\" target=\"_blank\" rel=\"noopener\"><img loading=\"lazy\" decoding=\"async\" width=\"250\" height=\"250\" src=\"data:image\/gif;base64,R0lGODlhAQABAAAAACH5BAEKAAEALAAAAAABAAEAAAICTAEAOw==\" alt=\"\" class=\"wp-image-79068 lazyload\" style=\"object-fit:cover\" sizes=\"auto, (max-width: 250px) 100vw, 250px\" data-src=\"https:\/\/carp-austria.com\/wp-content\/uploads\/2024\/05\/ticket-eimer_250.jpg\" data-srcset=\"https:\/\/carp-austria.com\/wp-content\/uploads\/2024\/05\/ticket-eimer_250.jpg 250w, https:\/\/carp-austria.com\/wp-content\/uploads\/2024\/05\/ticket-eimer_250-155x155.jpg 155w\"><\/a><\/figure>\n<\/div>\n<\/div>\n\n<div class=\"gb-container gb-container-e896e0e3\">\n\n<div class=\"wp-block-group is-vertical is-layout-flex wp-container-core-group-is-layout-8cf370e7 wp-block-group-is-layout-flex\">\n<p>\ud83c\udf9f\ufe0f <strong>Asigura\u021bi-v\u0103 biletul combinat <\/strong>:  <\/p>\n\n\n\n<p><strong>Bilet online + g\u0103leat\u0103 de pescuit camuflaj la un pre\u021b special!<\/strong><\/p>\n\n\n\n<p class=\"has-small-font-size\"><a href=\"https:\/\/carp-austria.com\/ro\/actiune-cu-galeata-de-pescuit\/\" target=\"_blank\" rel=\"noreferrer noopener\">&#8230;mai multe informatii<\/a><\/p>\n<\/div>\n\n<\/div>\n<\/div>\n<\/div><\/div>\n\n<div class=\"gb-grid-column gb-grid-column-7985be8e\"><div class=\"gb-container gb-container-7985be8e\">\n<div class=\"gb-container gb-container-406e5c08\">\n<div class=\"gb-container gb-container-6be1da81\">\n\n<div class=\"wp-block-group is-vertical is-content-justification-center is-layout-flex wp-container-core-group-is-layout-4b2eccd6 wp-block-group-is-layout-flex\">\n<h4 class=\"gb-headline gb-headline-73914b62 gb-headline-text\">Anaconda surpriz\u0103  <\/h4>\n\n\n\n<h4 class=\"wp-block-heading has-text-align-center\">G\u0103leat\u0103<\/h4>\n<\/div>\n\n\n<div class=\"gb-container gb-container-ad4b0944\">\n<div class=\"wp-block-image is-style-default\">\n<figure class=\"aligncenter size-full\"><a href=\"https:\/\/carp-austria.com\/ro\/actiune-cu-galeata-de-pescuit\/\" target=\"_blank\" rel=\" noreferrer noopener\"><img loading=\"lazy\" decoding=\"async\" width=\"250\" height=\"250\" src=\"data:image\/gif;base64,R0lGODlhAQABAAAAACH5BAEKAAEALAAAAAABAAEAAAICTAEAOw==\" alt=\"\" class=\"wp-image-79035 lazyload\" style=\"object-fit:cover\" sizes=\"auto, (max-width: 250px) 100vw, 250px\" data-src=\"https:\/\/carp-austria.com\/wp-content\/uploads\/2024\/05\/Anaconda-Ueberraschungs-Eimer_fee_250.jpg\" data-srcset=\"https:\/\/carp-austria.com\/wp-content\/uploads\/2024\/05\/Anaconda-Ueberraschungs-Eimer_fee_250.jpg 250w, https:\/\/carp-austria.com\/wp-content\/uploads\/2024\/05\/Anaconda-Ueberraschungs-Eimer_fee_250-155x155.jpg 155w\"><\/a><\/figure>\n<\/div>\n\n<div class=\"gb-container gb-container-25ee814d\">\n\n<div class=\"wp-block-group is-vertical is-layout-flex wp-container-core-group-is-layout-8cf370e7 wp-block-group-is-layout-flex\">\n<div class=\"wp-block-group is-vertical is-layout-flex wp-container-core-group-is-layout-8cf370e7 wp-block-group-is-layout-flex\">\n<p><mark style=\"background-color:rgba(0, 0, 0, 0)\" class=\"has-inline-color has-accent-2-color\"><strong>Valoarea bunurilor de peste 100 EUR<\/strong><\/mark><\/p>\n\n\n\n<p>\ud83c\udf89 <strong><mark style=\"background-color:rgba(0, 0, 0, 0)\" class=\"has-inline-color has-global-color-8-color\">+ 4 \u0219anse EXTRA de a c\u00e2\u0219tiga:<\/mark><\/strong><\/p>\n<\/div>\n\n\n\n<p>\ud83c\udf812x<strong>CX-2 CORKY tije de crap<\/strong><\/p>\n\n\n\n<p>\ud83c\udf81<strong><strong>Campionii Scoop HC-330<\/strong><\/strong><\/p>\n\n\n\n<p>\ud83c\udf81<strong><strong>Leag\u0103n pentru crap &#8222;\u00cengrijirea aerului&#8221;<\/strong><\/strong><\/p>\n\n\n\n<p>\ud83c\udf813<strong> <strong>Shimano Ultegra 14000 XTE<\/strong><\/strong><\/p>\n\n\n\n<p class=\"has-small-font-size\"><a href=\"https:\/\/carp-austria.com\/ro\/actiune-cu-galeata-de-pescuit\/\" target=\"_blank\" rel=\"noreferrer noopener\">&#8230;mai multe informatii<\/a><\/p>\n<\/div>\n\n<\/div>\n<\/div>\n<\/div>\n<\/div>\n<\/div><\/div>\n\n<div class=\"gb-grid-column gb-grid-column-844e55fa\"><div class=\"gb-container gb-container-844e55fa\">\n<div class=\"gb-container gb-container-f9ffe7da\">\n<div class=\"gb-container gb-container-6f75be7a\">\n\n<div class=\"wp-block-group is-vertical is-content-justification-center is-layout-flex wp-container-core-group-is-layout-4b2eccd6 wp-block-group-is-layout-flex\">\n<h4 class=\"gb-headline gb-headline-99dff823 gb-headline-text\">Pe\u0219ti pr\u0103d\u0103tori surpriz\u0103  <\/h4>\n\n\n\n<h4 class=\"wp-block-heading has-text-align-center\">G\u0103leat\u0103<\/h4>\n<\/div>\n\n\n<div class=\"gb-container gb-container-cad914ea\">\n<div class=\"wp-block-image\">\n<figure class=\"aligncenter size-full\"><a href=\"https:\/\/carp-austria.com\/ro\/actiune-cu-galeata-de-pescuit\/#Raubfisch-%C3%9Cberraschungs-Eimer\" target=\"_blank\"><img loading=\"lazy\" decoding=\"async\" width=\"250\" height=\"250\" src=\"data:image\/gif;base64,R0lGODlhAQABAAAAACH5BAEKAAEALAAAAAABAAEAAAICTAEAOw==\" alt=\"\" class=\"wp-image-79046 lazyload\" style=\"object-fit:cover\" sizes=\"auto, (max-width: 250px) 100vw, 250px\" data-src=\"https:\/\/carp-austria.com\/wp-content\/uploads\/2024\/05\/raubfisch-eimer-ohne-allem_250.jpg\" data-srcset=\"https:\/\/carp-austria.com\/wp-content\/uploads\/2024\/05\/raubfisch-eimer-ohne-allem_250.jpg 250w, https:\/\/carp-austria.com\/wp-content\/uploads\/2024\/05\/raubfisch-eimer-ohne-allem_250-155x155.jpg 155w\"><\/a><\/figure>\n<\/div>\n<\/div>\n\n<div class=\"gb-container gb-container-4a1e1343\">\n\n<div class=\"wp-block-group is-vertical is-layout-flex wp-container-core-group-is-layout-8cf370e7 wp-block-group-is-layout-flex\">\n<p><strong><mark style=\"background-color:rgba(0, 0, 0, 0)\" class=\"has-inline-color has-accent-2-color\">Valoarea bunurilor de peste 100 EUR<\/mark><\/strong><\/p>\n\n\n\n<p>\ud83c\udf89 <strong><mark style=\"background-color:rgba(0, 0, 0, 0)\" class=\"has-inline-color has-global-color-8-color\">+ 4 \u0219anse EXTRA de a c\u00e2\u0219tiga:<\/mark><\/strong><br\/>\ud83c\udf81 <strong>SHIMANO STELLA FK 2500<\/strong><\/p>\n\n\n\n<p><strong><strong>\ud83c\udf81 S <strong>et Whipsta Zander<\/strong><\/strong><\/strong><\/p>\n\n\n\n<p><strong><strong>\ud83c\udf81<\/strong><\/strong> <strong>Pachet de nout\u0103\u021bi cu momeal\u0103 artificial\u0103<\/strong><\/p>\n\n\n\n<p><strong><strong>\ud83c\udf81<\/strong><\/strong> <strong>Edi\u021bia Slide &amp; Float Scoop<\/strong><\/p>\n\n\n\n<p class=\"has-small-font-size\"><a href=\"https:\/\/carp-austria.com\/ro\/actiune-cu-galeata-de-pescuit\/#Raubfisch-%C3%9Cberraschungs-Eimer\" target=\"_blank\" rel=\"noreferrer noopener\">&#8230;mai multe informatii<\/a><\/p>\n<\/div>\n\n<\/div>\n<\/div>\n<\/div>\n<\/div><\/div>\n\n<div class=\"gb-grid-column gb-grid-column-26defc13\"><div class=\"gb-container gb-container-26defc13\">\n<div class=\"gb-container gb-container-f7d33750\">\n<div class=\"gb-container gb-container-b94c0dbe\">\n\n<div class=\"wp-block-group is-vertical is-content-justification-center is-layout-flex wp-container-core-group-is-layout-4b2eccd6 wp-block-group-is-layout-flex\">\n<h4 class=\"gb-headline gb-headline-1c9fba88 gb-headline-text\">Carp Austria  <\/h4>\n\n\n\n<h4 class=\"wp-block-heading has-text-align-center\">Ac\u021biune cu g\u0103leata<\/h4>\n<\/div>\n\n\n<div class=\"gb-container gb-container-b1676adb\">\n<div class=\"wp-block-image\">\n<figure class=\"aligncenter size-full\"><a href=\"https:\/\/carp-austria.com\/ro\/actiune-cu-galeata-de-pescuit\/#CARP-AUSTRIA-CAMOUFLAGE-EIMER-DEAL\" target=\"_blank\"><img loading=\"lazy\" decoding=\"async\" width=\"250\" height=\"250\" src=\"data:image\/gif;base64,R0lGODlhAQABAAAAACH5BAEKAAEALAAAAAABAAEAAAICTAEAOw==\" alt=\"\" class=\"wp-image-79101 lazyload\" style=\"object-fit:cover\" sizes=\"auto, (max-width: 250px) 100vw, 250px\" data-src=\"https:\/\/carp-austria.com\/wp-content\/uploads\/2024\/05\/billigster-Angeleimer_250-3.jpg\" data-srcset=\"https:\/\/carp-austria.com\/wp-content\/uploads\/2024\/05\/billigster-Angeleimer_250-3.jpg 250w, https:\/\/carp-austria.com\/wp-content\/uploads\/2024\/05\/billigster-Angeleimer_250-3-155x155.jpg 155w\"><\/a><\/figure>\n<\/div>\n<\/div>\n\n<div class=\"gb-container gb-container-ec8c8529\">\n\n<div class=\"wp-block-group is-vertical is-layout-flex wp-container-core-group-is-layout-8cf370e7 wp-block-group-is-layout-flex\">\n<p><strong><mark style=\"background-color:rgba(0, 0, 0, 0)\" class=\"has-inline-color has-global-color-8-color\">Cea mai ieftin\u0103 g\u0103leat\u0103 de pescuit camuflat\u0103 din Europa!!!<\/mark><\/strong><\/p>\n\n\n\n<p>Versiune EXTRA puternic\u0103 cu design de camuflaj \u0219i capacitate de 10 litri &#8211; Ideal pentru momeli, amestecuri, boilies, alimente \u0219i bere \ud83d\ude09<\/p>\n\n\n\n<p><mark style=\"background-color:rgba(0, 0, 0, 0)\" class=\"has-inline-color has-global-color-8-color\"><strong>5 g\u0103le\u021bi de pescuit<\/strong> <\/mark>pentru numai <strong><mark style=\"background-color:rgba(0, 0, 0, 0)\" class=\"has-inline-color has-global-color-8-color\">29,90 EUR<\/mark><\/strong> \ud83d\ude2f<\/p>\n\n\n\n<p class=\"has-small-font-size\"><a href=\"https:\/\/carp-austria.com\/ro\/actiune-cu-galeata-de-pescuit\/#CARP-AUSTRIA-CAMOUFLAGE-EIMER-DEAL\" target=\"_blank\" data-type=\"link\" data-id=\"https:\/\/carp-austria.com\/eimer-aktion\/#CARP-AUSTRIA-CAMOUFLAGE-EIMER-DEAL\" rel=\"noreferrer noopener\">&#8230;mai multe informatii<\/a><\/p>\n<\/div>\n\n<\/div>\n<\/div>\n<\/div>\n<\/div><\/div>\n<\/div>\n\n\n<p><\/p>\n\n\n\n<p>(Pre\u021burile includ TVA \u0219i taxa de bilet)<\/p>\n\n\n\n<p>Acest bilet de o zi d\u0103 dreptul de\u021bin\u0103torului la o singur\u0103 intrare la t\u00e2rg \u0219i poate fi preschimbat \u00een una dintre zilele t\u00e2rgului. Copiii cu v\u00e2rsta sub 10 ani nu au nevoie de bilet \u0219i sunt admi\u0219i direct de inspectorul de bilete. <\/p>\n\n\n\n<p class=\"has-small-font-size\"><strong>Informa\u021bii importante despre g\u0103le\u021bile surpriz\u0103<\/strong>: <strong><mark style=\"background-color:rgba(0, 0, 0, 0)\" class=\"has-inline-color has-global-color-8-color\">Cump\u0103rarea unei g\u0103le\u021bi surpriz\u0103 sau a Camo Bucket Deal <strong>nu<\/strong> include un bilet de intrare la spectacol.<\/mark><\/strong> Fotografiile prezentate sunt imagini simbolice &#8211; con\u021binutul poate varia, motiv pentru care le numim \u0219i g\u0103le\u021bi surpriz\u0103 \ud83d\ude03, dar <strong>valoarea bunurilor este garantat\u0103 a fi de peste 100 de euro<\/strong> (\u00een func\u021bie de \u021bar\u0103, chiar mult mai mare). Premii suplimentare vor fi distribuite imediat la punctul de distribuire a g\u0103le\u021bilor! <strong>G\u0103le\u021bile surpriz\u0103<\/strong> \u0219i Camo Bucket Deal sunt disponibile doar \u00een <strong>cantit\u0103\u021bi limitate <\/strong>. <strong>G\u0103le\u021bile\/premiile<\/strong> <strong>pot<\/strong> <strong>fi colectate \u0219i distribuite<\/strong> <strong>doar la fa\u021ba locului<\/strong>, la  <strong>Carp Austria \u00een Wiener Neustadt pe 6 sau 7 decembrie 2025  <\/strong>  &#8211; <strong>f\u0103r\u0103 transport maritim<\/strong>!<\/p>\n\n<\/div><\/div>\n<p>\ud83d\udc8c <strong>Avantajul buletinului informativ:<\/strong> abona\u021bii<br\/>sunt <strong>primii<\/strong> care afl\u0103 totul &#8211; a\u0219a c\u0103 \u00eenregistra\u021bi-v\u0103 acum \u0219i <strong>nu rata\u021bi un MEGA DEAL!<\/strong><\/p>\n\n<iframe loading=\"lazy\" width=\"1200\" height=\"1000\" src=\"https:\/\/e6d171b5.sibforms.com\/serve\/MUIFAHxQBfwv1ZEdSAbYVbARgeD3P2YM1C8_rJySF4-rRx1VdM3AMRtZBrVTx8kUSGe4Mzi-JAgMTFtXlqjDfnU3VNt174Pr-NI0bTS_LZ_-9MLHK3Z5R3y8S11N4Xg7X5ZBT6a6oMP-YTdwOjnUYxUVNdG9flX8x6T11UeT1u7zHmt35u32YvGkydcs4-lXawQycIUlvddyRcP2\" frameborder=\"0\" scrolling=\"auto\" allowfullscreen=\"\" style=\"display: block;margin-left: auto;margin-right: auto;max-width: 100%;\"><\/iframe>\n\n<div style=\"height:30px\" aria-hidden=\"true\" class=\"wp-block-spacer\"><\/div>\n\n<div style=\"height:19px\" aria-hidden=\"true\" class=\"wp-block-spacer\"><\/div>\n\n<div style=\"height:100px\" aria-hidden=\"true\" class=\"wp-block-spacer\"><\/div>\n","protected":false},"excerpt":{"rendered":"<p>A\u0219tepta\u021bi cu ner\u0103bdare un foc de artificii cu cele mai importante evenimente, o perspectiv\u0103 exclusiv\u0103 asupra promo\u021biilor imbatabile de la t\u00e2rg \u0219i \u0219tiri interesante &#8230; <a title=\"Revista Carp Austria 2025\" class=\"read-more\" href=\"https:\/\/carp-austria.com\/ro\/campanii-de-targuri-comerciale-2024\/\" aria-label=\"Cite\u0219te mai multe despre Revista Carp Austria 2025\">Read more<\/a><\/p>\n","protected":false},"author":1,"featured_media":0,"parent":0,"menu_order":0,"comment_status":"closed","ping_status":"closed","template":"","meta":{"_acf_changed":false,"inline_featured_image":false,"iawp_total_views":0,"footnotes":""},"class_list":["post-44715","page","type-page","status-publish"],"acf":[],"_links":{"self":[{"href":"https:\/\/carp-austria.com\/ro\/wp-json\/wp\/v2\/pages\/44715","targetHints":{"allow":["GET"]}}],"collection":[{"href":"https:\/\/carp-austria.com\/ro\/wp-json\/wp\/v2\/pages"}],"about":[{"href":"https:\/\/carp-austria.com\/ro\/wp-json\/wp\/v2\/types\/page"}],"author":[{"embeddable":true,"href":"https:\/\/carp-austria.com\/ro\/wp-json\/wp\/v2\/users\/1"}],"replies":[{"embeddable":true,"href":"https:\/\/carp-austria.com\/ro\/wp-json\/wp\/v2\/comments?post=44715"}],"version-history":[{"count":0,"href":"https:\/\/carp-austria.com\/ro\/wp-json\/wp\/v2\/pages\/44715\/revisions"}],"wp:attachment":[{"href":"https:\/\/carp-austria.com\/ro\/wp-json\/wp\/v2\/media?parent=44715"}],"curies":[{"name":"wp","href":"https:\/\/api.w.org\/{rel}","templated":true}]}}