{"id":48724,"date":"2024-09-29T19:56:12","date_gmt":"2024-09-29T19:56:12","guid":{"rendered":"https:\/\/carp-austria.com\/partner-reklamowy\/"},"modified":"2024-09-29T22:31:39","modified_gmt":"2024-09-29T22:31:39","slug":"partner-reklamowy","status":"publish","type":"page","link":"https:\/\/carp-austria.com\/pl\/partner-reklamowy\/","title":{"rendered":"Partner reklamowy"},"content":{"rendered":"\n<h2 class=\"gb-headline gb-headline-fd5695de gb-headline-text\">Zosta\u0144 ambasadorem reklamowym Carp Austria!<\/h2>\n\n<p>Carp Austria to jedne z najwi\u0119kszych targ\u00f3w w\u0119dkarskich dla w\u0119dkarzy karpiowych, feederowych, spinningowych i sumowych w niemieckoj\u0119zycznym \u015bwiecie, z odwiedzaj\u0105cymi z Austrii, Niemiec, Czech, S\u0142owacji, W\u0119gier, Rumunii, S\u0142owenii, Chorwacji i innych kraj\u00f3w ba\u0142ka\u0144skich.<\/p>\n\n<h3 class=\"gb-headline gb-headline-41a646fb gb-headline-text\">Do\u0142\u0105cz do nas!<\/h3>\n\n<p>Je\u015bli masz aktywne kana\u0142y medi\u00f3w spo\u0142eczno\u015bciowych z co najmniej 5000 obserwuj\u0105cych lub dobrze odwiedzan\u0105 stron\u0119 internetow\u0105, oferujemy Ci mo\u017cliwo\u015b\u0107 zostania ambasadorem reklamowym Carp Austria<\/p>\n\n<p><strong>Co oferujemy:<\/strong><\/p>\n\n<ul class=\"wp-block-list\">\n<li><strong>Ekskluzywne zni\u017cki<\/strong> na <strong>bilety online<\/strong> dla Twojej spo\u0142eczno\u015bci<\/li>\n\n\n\n<li>Atrakcyjne partnerstwa i r\u00f3\u017cne mo\u017cliwo\u015bci wsp\u00f3\u0142pracy<\/li>\n\n\n\n<li><strong>Wynagrodzenie<\/strong> pieni\u0119\u017cne za ka\u017cd\u0105 sprzeda\u017c bilet\u00f3w za po\u015brednictwem osobistego kodu rabatowe<\/li>\n<\/ul>\n\n<p>Zainteresowany? Skontaktuj si\u0119 z nami ju\u017c teraz i sta\u0144 si\u0119 cz\u0119\u015bci\u0105 jednego z najwi\u0119kszych wydarze\u0144 w\u0119dkarskich <\/p>\n\n<p>Czekamy na wiadomo\u015b\u0107 od Ciebie!<\/p>\n","protected":false},"excerpt":{"rendered":"<p>Zosta\u0144 ambasadorem reklamowym Carp Austria! Carp Austria to jedne z najwi\u0119kszych targ\u00f3w w\u0119dkarskich dla w\u0119dkarzy karpiowych, feederowych, spinningowych i sumowych w niemieckoj\u0119zycznym \u015bwiecie, z &#8230; <a title=\"Partner reklamowy\" class=\"read-more\" href=\"https:\/\/carp-austria.com\/pl\/partner-reklamowy\/\" aria-label=\"Dowiedz si\u0119 wi\u0119cej o Partner reklamowy\">Czytaj dalej<\/a><\/p>\n","protected":false},"author":1,"featured_media":48637,"parent":0,"menu_order":0,"comment_status":"closed","ping_status":"closed","template":"","meta":{"_acf_changed":false,"inline_featured_image":false,"iawp_total_views":0,"footnotes":""},"class_list":["post-48724","page","type-page","status-publish","has-post-thumbnail"],"acf":[],"_links":{"self":[{"href":"https:\/\/carp-austria.com\/pl\/wp-json\/wp\/v2\/pages\/48724","targetHints":{"allow":["GET"]}}],"collection":[{"href":"https:\/\/carp-austria.com\/pl\/wp-json\/wp\/v2\/pages"}],"about":[{"href":"https:\/\/carp-austria.com\/pl\/wp-json\/wp\/v2\/types\/page"}],"author":[{"embeddable":true,"href":"https:\/\/carp-austria.com\/pl\/wp-json\/wp\/v2\/users\/1"}],"replies":[{"embeddable":true,"href":"https:\/\/carp-austria.com\/pl\/wp-json\/wp\/v2\/comments?post=48724"}],"version-history":[{"count":0,"href":"https:\/\/carp-austria.com\/pl\/wp-json\/wp\/v2\/pages\/48724\/revisions"}],"wp:featuredmedia":[{"embeddable":true,"href":"https:\/\/carp-austria.com\/pl\/wp-json\/wp\/v2\/media\/48637"}],"wp:attachment":[{"href":"https:\/\/carp-austria.com\/pl\/wp-json\/wp\/v2\/media?parent=48724"}],"curies":[{"name":"wp","href":"https:\/\/api.w.org\/{rel}","templated":true}]}}