{"id":123017,"date":"2026-04-24T12:21:59","date_gmt":"2026-04-24T10:21:59","guid":{"rendered":"https:\/\/carp-austria.com\/?page_id=123017"},"modified":"2026-04-24T13:16:56","modified_gmt":"2026-04-24T11:16:56","slug":"szerkesztoseg","status":"publish","type":"page","link":"https:\/\/carp-austria.com\/hu\/szerkesztoseg\/","title":{"rendered":"Carp Austria szerkeszt\u0151s\u00e9g"},"content":{"rendered":"<div class=\"gb-container gb-container-802049cd\">\n<div class=\"gb-container gb-container-8edad26a\">\n\n<script type=\"application\/ld+json\">\n{\n  \"@context\": \"https:\/\/schema.org\",\n  \"@type\": \"AboutPage\",\n  \"@id\": \"https:\/\/carp-austria.com\/hu\/szerkesztoseg\/#webpage\",\n  \"url\": \"https:\/\/carp-austria.com\/hu\/szerkesztoseg\/\",\n  \"name\": \"Carp Austria szerkeszt\u0151s\u00e9g\",\n  \"description\": \"A Carp Austria szerkeszt\u0151s\u00e9g tapasztalt horg\u00e1szokb\u00f3l \u00e1ll, akik pontyoz\u00e1sra, ragadoz\u00f3halas horg\u00e1szatra, horg\u00e1sz ki\u00e1ll\u00edt\u00e1sokra, bojlis csalikra \u00e9s val\u00f3s v\u00edzparti tapasztalatokra specializ\u00e1l\u00f3dtak.\",\n  \"inLanguage\": \"hu\",\n  \"isPartOf\": {\n    \"@id\": \"https:\/\/carp-austria.com\/#website\"\n  },\n  \"about\": {\n    \"@type\": \"Organization\",\n    \"@id\": \"https:\/\/carp-austria.com\/hu\/szerkesztoseg\/#editorialteam\",\n    \"name\": \"Carp Austria szerkeszt\u0151s\u00e9g\",\n    \"url\": \"https:\/\/carp-austria.com\/hu\/szerkesztoseg\/\",\n    \"description\": \"A Carp Austria szerkeszt\u0151s\u00e9gi csapata t\u00f6bb mint 40 \u00e9v gyakorlati tapasztalattal rendelkezik pontyoz\u00e1sban, ragadoz\u00f3halas horg\u00e1szatban, horg\u00e1sz ki\u00e1ll\u00edt\u00e1sokon, bojlis csalikban \u00e9s horg\u00e1sz tud\u00e1sanyagokban.\",\n    \"knowsAbout\": [\n      \"pontyoz\u00e1s\",\n      \"ragadoz\u00f3halas horg\u00e1szat\",\n      \"harcs\u00e1z\u00e1s\",\n      \"perget\u00e9s\",\n      \"pontyos szerel\u00e9kek\",\n      \"pontyos el\u0151k\u00e9k\",\n      \"Boilie\",\n      \"Pop-Up Boilie\",\n      \"horogcsali\",\n      \"etet\u0151anyag\",\n      \"etet\u0151 kever\u00e9kek\",\n      \"horg\u00e1szbotok\",\n      \"horg\u00e1sz ors\u00f3k\",\n      \"horg\u00e1szzsin\u00f3r\",\n      \"kap\u00e1sjelz\u0151\",\n      \"elektromos kap\u00e1sjelz\u0151\",\n      \"Rod Pod\",\n      \"Bankstick\",\n      \"pontyoz\u00f3 mer\u00edt\u0151h\u00e1l\u00f3\",\n      \"pontyb\u00f6lcs\u0151\",\n      \"m\u00e9rlegel\u0151 zs\u00e1k\",\n      \"etet\u0151haj\u00f3\",\n      \"horg\u00e1sz\u00f3lom\",\n      \"horg\u00e1sz ki\u00e1ll\u00edt\u00e1sok\",\n      \"horg\u00e1sz boltok Ausztri\u00e1ban\",\n      \"horg\u00e1szvizek Ausztri\u00e1ban\",\n      \"pontyos vizek Eur\u00f3p\u00e1ban\",\n      \"ragadoz\u00f3halas vizek Eur\u00f3p\u00e1ban\"\n    ],\n    \"areaServed\": {\n      \"@type\": \"Place\",\n      \"name\": \"Europe\"\n    },\n    \"sameAs\": [\n      \"https:\/\/www.facebook.com\/carpfishingshow\",\n      \"https:\/\/www.instagram.com\/carpaustria\/\"\n    ],\n    \"parentOrganization\": {\n      \"@type\": \"Organization\",\n      \"@id\": \"https:\/\/carp-austria.com\/#organization\",\n      \"name\": \"Carp Austria\",\n      \"url\": \"https:\/\/carp-austria.com\/\"\n    }\n  }\n}\n<\/script>\n\n<section class=\"ca-redaktion-intro\">\n  <div class=\"ca-redaktion-intro__card\">\n    <div class=\"ca-redaktion-intro__image\">\n      <img src=\"data:image\/gif;base64,R0lGODlhAQABAAAAACH5BAEKAAEALAAAAAABAAEAAAICTAEAOw==\" alt=\"Carp Austria szerkeszt\u0151s\u00e9g\" width=\"140\" height=\"140\" loading=\"eager\" decoding=\"async\" class=\"lazyload\" data-src=\"https:\/\/carp-austria.com\/wp-content\/uploads\/2026\/04\/author-transparent.svg\">\n    <\/div>\n\n    <div class=\"ca-redaktion-intro__content\">\n      <h1>Carp Austria szerkeszt\u0151s\u00e9g<\/h1>\n\n      <p>\n        A Carp Austria szerkeszt\u0151s\u00e9get szenved\u00e9lyes horg\u00e1szok alkotj\u00e1k, akik t\u00f6bb \u00e9ves tapasztalattal\n        rendelkeznek pontyoz\u00e1sban, ragadoz\u00f3halas horg\u00e1szatban \u00e9s modern horg\u00e1sztechnik\u00e1kban\n        Ausztri\u00e1ban \u00e9s Eur\u00f3pa k\u00fcl\u00f6nb\u00f6z\u0151 vizein.\n      <\/p>\n\n      <p>\n        Csapatunk rendszeresen teszteli a horg\u00e1szfelszerel\u00e9seket, l\u00e1togatja \u00e9s szervezi a horg\u00e1sz ki\u00e1ll\u00edt\u00e1sokat,\n        saj\u00e1t Boilie-kat fejleszt, valamint gyakorlati tapasztalattal rendelkezik horg\u00e1szvizek kezel\u00e9s\u00e9ben is.\n      <\/p>\n\n      <p>\n        T\u00f6bb mint 40 \u00e9v \u00f6sszes\u00edtett tapasztalattal megb\u00edzhat\u00f3 szakmai tud\u00e1st osztunk meg\n        pontyoz\u00e1sr\u00f3l, ragadoz\u00f3halas horg\u00e1szatr\u00f3l, bojlis csalikr\u00f3l \u00e9s gyakorlati horg\u00e1sz tud\u00e1sr\u00f3l \u2013\n        k\u00f6zvetlen\u00fcl a v\u00edzpartr\u00f3l, nem elm\u00e9letb\u0151l.\n      <\/p>\n\n      <ul class=\"ca-redaktion-intro__highlights\">\n        <li>T\u00f6bb mint 40 \u00e9v tapasztalat pontyoz\u00e1sban \u00e9s ragadoz\u00f3halas horg\u00e1szatban<\/li>\n        <li>Val\u00f3s tapasztalatok k\u00f6zvetlen\u00fcl a v\u00edzpartr\u00f3l<\/li>\n        <li>Besz\u00e1mol\u00f3k a horg\u00e1szvil\u00e1gb\u00f3l, ki\u00e1ll\u00edt\u00e1sokr\u00f3l \u00e9s ki\u00e1ll\u00edt\u00f3kr\u00f3l<\/li>\n        <li>F\u00f3kusz a pontyoz\u00e1son, ragadoz\u00f3halakon, csalikokon \u00e9s gyakorlati horg\u00e1sz tud\u00e1son<\/li>\n      <\/ul>\n    <\/div>\n  <\/div>\n\n  <div class=\"ca-redaktion-section\">\n    <h2>Szak\u00e9rtelem pontyoz\u00e1sban \u00e9s ragadoz\u00f3halas horg\u00e1szatban<\/h2>\n    <p>\n      A Carp Austria szerkeszt\u0151s\u00e9g a modern horg\u00e1szat minden ter\u00fclet\u00e9vel foglalkozik \u2013\n      a klasszikus pontyos szerel\u00e9kekt\u0151l kezdve a hat\u00e9kony ragadoz\u00f3halas technik\u00e1kon \u00e1t\n      eg\u00e9szen a horg\u00e1szvil\u00e1g aktu\u00e1lis fejl\u0151d\u00e9s\u00e9ig.\n    <\/p>\n    <p>\n      Sz\u00e1munkra a gyakorlati haszn\u00e1lhat\u00f3s\u00e1g a legfontosabb. Tartalmaink val\u00f3s v\u00edzparti tapasztalatokon,\n      tesztel\u00e9sen, ki\u00e1ll\u00edt\u00e1sokon \u00e9s a gy\u00e1rt\u00f3kkal, ki\u00e1ll\u00edt\u00f3kkal, valamint horg\u00e1szokkal val\u00f3 k\u00f6zvetlen kapcsolaton alapulnak.\n    <\/p>\n  <\/div>\n\n  <div class=\"ca-redaktion-section\">\n    <h2>Ki\u00e1ll\u00edt\u00f3k, h\u00edrek, csalik \u00e9s trendek a horg\u00e1szvil\u00e1gb\u00f3l<\/h2>\n    <p>\n      Kiemelten foglalkozunk \u00faj term\u00e9kekkel, ki\u00e1ll\u00edt\u00f3kkal, bojlis csalikkal, rekordokkal\n      \u00e9s a Carp Austria ki\u00e1ll\u00edt\u00e1shoz kapcsol\u00f3d\u00f3 aktu\u00e1lis t\u00e9m\u00e1kkal. A ki\u00e1ll\u00edt\u00e1sokon \u00e9s esem\u00e9nyeken\n      els\u0151 k\u00e9zb\u0151l szerz\u00fcnk tapasztalatokat, amelyeket cikkek, aj\u00e1nl\u00e1sok \u00e9s gyakorlati besz\u00e1mol\u00f3k form\u00e1j\u00e1ban osztunk meg.\n    <\/p>\n    <p>\n      Tov\u00e1bbi tartalmakat tal\u00e1lsz ezekben a kateg\u00f3ri\u00e1kban:\n      <a href=\"\">ki\u00e1ll\u00edt\u00f3k<\/a>,\n      <a href=\"\">pontyos csalik<\/a>,\n      <a href=\"\">h\u00edrek<\/a>,\n      <a href=\"\">magazin<\/a> \u00e9s\n      <a href=\"\">Carp Austria ki\u00e1ll\u00edt\u00e1s<\/a>.\n    <\/p>\n  <\/div>\n\n  <div class=\"ca-redaktion-section\">\n    <h2>Gyakorlati tud\u00e1s horg\u00e1szoknak<\/h2>\n    <p>\n      Ak\u00e1r kezd\u0151 vagy, ak\u00e1r tapasztalt horg\u00e1sz \u2013 a Carp Austria szerkeszt\u0151s\u00e9g olyan tartalmat k\u00edn\u00e1l,\n      amelyet azonnal alkalmazni tudsz a gyakorlatban. C\u00e9lunk, hogy val\u00f3s tapasztalatokat adjunk \u00e1t,\n      \u00e9rthet\u0151en magyar\u00e1zzuk el a fontos dolgokat, \u00e9s seg\u00edts\u00fcnk sikeresebbnek lenni a v\u00edzparton.\n    <\/p>\n  <\/div>\n\n  <div class=\"ca-redaktion-section\">\n    <h2>Fedezz fel tov\u00e1bbi cikkeket a Carp Austria szerkeszt\u0151s\u00e9gt\u0151l<\/h2>\n    <p>\n      Fedezz fel tov\u00e1bbi cikkeket, ki\u00e1ll\u00edt\u00e1si besz\u00e1mol\u00f3kat, ki\u00e1ll\u00edt\u00f3i h\u00edreket,\n      horg\u00e1sz tud\u00e1sanyagokat, valamint t\u00e9m\u00e1kat pontyoz\u00e1sr\u00f3l, ragadoz\u00f3halas horg\u00e1szatr\u00f3l \u00e9s bojlis csalikr\u00f3l.\n    <\/p>\n    <p>\n      <a href=\"https:\/\/carp-austria.com\/hu\/horgasz-hirek\/\">Fedezz fel tov\u00e1bbi cikkeket a Carp Austria szerkeszt\u0151s\u00e9gt\u0151l \u2192<\/a>\n    <\/p>\n  <\/div>\n<\/section>\n\n<\/div>\n\n<div class=\"gb-container gb-container-90055852\">\n<div class=\"gb-container gb-container-ea4f2e9e\">\n\n<h2 class=\"wp-block-heading\">A Carp Austria szerkeszt\u0151s\u00e9g cikkei<\/h2>\n\n\n\n<hr class=\"wp-block-separator has-alpha-channel-opacity\"\/>\n\n<\/div>\n\n\n<div class=\"gb-grid-wrapper gb-grid-wrapper-6591d90a gb-query-loop-wrapper\">\n<div class=\"gb-grid-column gb-grid-column-70e1e987 gb-query-loop-item post-67178 post type-post status-publish format-standard has-post-thumbnail hentry category-kiallitok category-ponty-felszereles tag-bivvy tag-horgaszfelszereles tag-pontyhorgaszat tag-pontyozo-botok tag-sonik tag-sonik-tackle\"><div class=\"gb-container gb-container-70e1e987\">\n<figure class=\"gb-block-image gb-block-image-5f5826e8\"><img loading=\"lazy\" decoding=\"async\" width=\"1400\" height=\"1000\" src=\"data:image\/gif;base64,R0lGODlhAQABAAAAACH5BAEKAAEALAAAAAABAAEAAAICTAEAOw==\" class=\"gb-image-5f5826e8 lazyload\" alt=\"\" sizes=\"auto, (max-width: 1400px) 100vw, 1400px\" data-src=\"https:\/\/carp-austria.com\/wp-content\/uploads\/2024\/11\/sonik-sports.jpg\" data-srcset=\"https:\/\/carp-austria.com\/wp-content\/uploads\/2024\/11\/sonik-sports.jpg 1400w, https:\/\/carp-austria.com\/wp-content\/uploads\/2024\/11\/sonik-sports-360x257.jpg 360w, https:\/\/carp-austria.com\/wp-content\/uploads\/2024\/11\/sonik-sports-1080x771.jpg 1080w, https:\/\/carp-austria.com\/wp-content\/uploads\/2024\/11\/sonik-sports-768x549.jpg 768w\"><\/figure>\n\n<h2 class=\"gb-headline gb-headline-7b090171 gb-headline-text\"><a href=\"https:\/\/carp-austria.com\/hu\/sonik\/\">Sonik Carp Tackle \u2013 Horg\u00e1szbotok, ors\u00f3k, s\u00e1trak \u00e9s horg\u00e1szkieg\u00e9sz\u00edt\u0151k<\/a><\/h2>\n\n<p class=\"gb-headline gb-headline-18ed8b8c gb-headline-text\"><time class=\"entry-date published\" datetime=\"2024-11-19T16:10:04+01:00\">2024.11.19.<\/time><\/p>\n\n<div class=\"gb-headline gb-headline-0d561cbd gb-headline-text\">A Sonik Sports modern pontyos felszerel\u00e9st k\u00edn\u00e1l er\u0151s \u00e1r-\u00e9rt\u00e9k ar\u00e1nnyal. A nagy teljes\u00edtm\u00e9ny\u0171 botokt\u00f3l \u00e9s ors\u00f3kt\u00f3l a praktikus bivvy-kig \u00e9s kieg\u00e9sz\u00edt\u0151kig a pontyhorg\u00e1szok megb\u00edzhat\u00f3 felszerel\u00e9st tal\u00e1lnak minden horg\u00e1szathoz. <\/div>\n<\/div><\/div>\n\n<div class=\"gb-grid-column gb-grid-column-70e1e987 gb-query-loop-item post-54302 post type-post status-publish format-standard has-post-thumbnail hentry category-kiallitok\"><div class=\"gb-container gb-container-70e1e987\">\n<figure class=\"gb-block-image gb-block-image-5f5826e8\"><img loading=\"lazy\" decoding=\"async\" width=\"1280\" height=\"850\" src=\"data:image\/gif;base64,R0lGODlhAQABAAAAACH5BAEKAAEALAAAAAABAAEAAAICTAEAOw==\" class=\"gb-image-5f5826e8 lazyload\" alt=\"\" sizes=\"auto, (max-width: 1280px) 100vw, 1280px\" data-src=\"https:\/\/carp-austria.com\/wp-content\/uploads\/2024\/10\/watercraft-baits.jpg\" data-srcset=\"https:\/\/carp-austria.com\/wp-content\/uploads\/2024\/10\/watercraft-baits.jpg 1280w, https:\/\/carp-austria.com\/wp-content\/uploads\/2024\/10\/watercraft-baits-360x239.jpg 360w, https:\/\/carp-austria.com\/wp-content\/uploads\/2024\/10\/watercraft-baits-1080x717.jpg 1080w, https:\/\/carp-austria.com\/wp-content\/uploads\/2024\/10\/watercraft-baits-155x103.jpg 155w, https:\/\/carp-austria.com\/wp-content\/uploads\/2024\/10\/watercraft-baits-768x510.jpg 768w\"><\/figure>\n\n<h2 class=\"gb-headline gb-headline-7b090171 gb-headline-text\"><a href=\"https:\/\/carp-austria.com\/hu\/watercraft\/\">WATERCRAFT Baits &amp; Tackle<\/a><\/h2>\n\n<p class=\"gb-headline gb-headline-18ed8b8c gb-headline-text\"><time class=\"entry-date published\" datetime=\"2024-10-22T21:22:44+02:00\">2024.10.22.<\/time><\/p>\n\n<div class=\"gb-headline gb-headline-0d561cbd gb-headline-text\">WATERCRAFT Baits a Carp Austria 2025 ki\u00e1ll\u00edt\u00e1son &#8211; Kap\u00e1ser\u0151, DNS technol\u00f3gia a leginnovat\u00edvabb csalim\u00e1rk\u00e1t\u00f3l Tapasztalja meg a WATERCRAFT-ot a Carp Austria 1. csarnok\u00e1ban &#8211; &#8230; <a title=\"WATERCRAFT Baits &amp; Tackle\" class=\"read-more\" href=\"https:\/\/carp-austria.com\/hu\/watercraft\/\" aria-label=\"Read more about WATERCRAFT Baits &amp; Tackle\">Olvass tov\u00e1bb<\/a><\/div>\n<\/div><\/div>\n<\/div>\n\n<\/div>\n\n\n<div class=\"wp-block-buttons is-layout-flex wp-block-buttons-is-layout-flex\">\n<div class=\"wp-block-button has-custom-width wp-block-button__width-100 is-style-fill\"><a class=\"wp-block-button__link has-large-font-size has-custom-font-size wp-element-button\" href=\"https:\/\/carp-austria.com\/hu\/horgasz-hirek\/\" style=\"border-top-left-radius:0px;border-top-right-radius:0px;border-bottom-left-radius:0px;border-bottom-right-radius:0px\">Fedezz fel tov\u00e1bbi cikkeket a Carp Austria szerkeszt\u0151s\u00e9gt\u0151l \u2192<\/a><\/div>\n<\/div>\n\n<\/div>\n\n\n<p><\/p>\n","protected":false},"excerpt":{"rendered":"<p>Carp Austria szerkeszt\u0151s\u00e9g A Carp Austria szerkeszt\u0151s\u00e9get szenved\u00e9lyes horg\u00e1szok alkotj\u00e1k, akik t\u00f6bb \u00e9ves tapasztalattal rendelkeznek pontyoz\u00e1sban, ragadoz\u00f3halas horg\u00e1szatban \u00e9s modern horg\u00e1sztechnik\u00e1kban Ausztri\u00e1ban \u00e9s Eur\u00f3pa &#8230; <a title=\"Carp Austria szerkeszt\u0151s\u00e9g\" class=\"read-more\" href=\"https:\/\/carp-austria.com\/hu\/szerkesztoseg\/\" aria-label=\"Read more about Carp Austria szerkeszt\u0151s\u00e9g\">Olvass tov\u00e1bb<\/a><\/p>\n","protected":false},"author":1,"featured_media":0,"parent":0,"menu_order":0,"comment_status":"closed","ping_status":"closed","template":"","meta":{"_acf_changed":false,"inline_featured_image":false,"iawp_total_views":0,"footnotes":""},"class_list":["post-123017","page","type-page","status-publish"],"acf":[],"_links":{"self":[{"href":"https:\/\/carp-austria.com\/hu\/wp-json\/wp\/v2\/pages\/123017","targetHints":{"allow":["GET"]}}],"collection":[{"href":"https:\/\/carp-austria.com\/hu\/wp-json\/wp\/v2\/pages"}],"about":[{"href":"https:\/\/carp-austria.com\/hu\/wp-json\/wp\/v2\/types\/page"}],"author":[{"embeddable":true,"href":"https:\/\/carp-austria.com\/hu\/wp-json\/wp\/v2\/users\/1"}],"replies":[{"embeddable":true,"href":"https:\/\/carp-austria.com\/hu\/wp-json\/wp\/v2\/comments?post=123017"}],"version-history":[{"count":0,"href":"https:\/\/carp-austria.com\/hu\/wp-json\/wp\/v2\/pages\/123017\/revisions"}],"wp:attachment":[{"href":"https:\/\/carp-austria.com\/hu\/wp-json\/wp\/v2\/media?parent=123017"}],"curies":[{"name":"wp","href":"https:\/\/api.w.org\/{rel}","templated":true}]}}