{"id":122992,"date":"2026-04-24T04:13:21","date_gmt":"2026-04-24T02:13:21","guid":{"rendered":"https:\/\/carp-austria.com\/?page_id=122992"},"modified":"2026-04-24T13:19:22","modified_gmt":"2026-04-24T11:19:22","slug":"redakce","status":"publish","type":"page","link":"https:\/\/carp-austria.com\/cs\/redakce\/","title":{"rendered":"Redakce Carp Austria"},"content":{"rendered":"\n<p><br><strong>Kapra\u0159ina, p\u0159\u00edvla\u010d a testy vybaven\u00ed p\u0159\u00edmo od vody<\/strong><\/p>\n\n\n<div class=\"gb-container gb-container-802049cd\">\n<div class=\"gb-container gb-container-8edad26a\">\n\n<script type=\"application\/ld+json\">\n{\n  \"@context\": \"https:\/\/schema.org\",\n  \"@type\": \"AboutPage\",\n  \"@id\": \"https:\/\/carp-austria.com\/cs\/redakce\/#webpage\",\n  \"url\": \"https:\/\/carp-austria.com\/cs\/redakce\/\",\n  \"name\": \"Redakce Carp Austria\",\n  \"description\": \"Redakce Carp Austria tvo\u0159\u00ed zku\u0161en\u00ed ryb\u00e1\u0159i se zam\u011b\u0159en\u00edm na kapra\u0159inu, lov dravc\u016f, ryb\u00e1\u0159sk\u00e9 veletrhy, kaprov\u00e9 n\u00e1strahy a praktick\u00e9 zku\u0161enosti p\u0159\u00edmo od vody.\",\n  \"inLanguage\": \"cs\",\n  \"isPartOf\": {\n    \"@id\": \"https:\/\/carp-austria.com\/#website\"\n  },\n  \"about\": {\n    \"@type\": \"Organization\",\n    \"@id\": \"https:\/\/carp-austria.com\/cs\/redakce\/#editorialteam\",\n    \"name\": \"Redakce Carp Austria\",\n    \"url\": \"https:\/\/carp-austria.com\/cs\/redakce\/\",\n    \"description\": \"Redak\u010dn\u00ed t\u00fdm Carp Austria s v\u00edce ne\u017e 40 lety praxe v kapra\u0159in\u011b, lovu dravc\u016f, ryb\u00e1\u0159sk\u00fdch veletrz\u00edch, kaprov\u00fdch n\u00e1strah\u00e1ch a ryb\u00e1\u0159sk\u00e9m know-how.\",\n    \"knowsAbout\": [\n      \"kapra\u0159ina\",\n      \"lov dravc\u016f\",\n      \"lov sumc\u016f\",\n      \"p\u0159\u00edvla\u010d\",\n      \"kaprov\u00e9 mont\u00e1\u017ee\",\n      \"kaprov\u00e9 n\u00e1vazce\",\n      \"Boilie\",\n      \"Pop-Up Boilie\",\n      \"n\u00e1strahy pod h\u00e1\u010dek\",\n      \"krmn\u00e9 sm\u011bsi\",\n      \"ryb\u00e1\u0159sk\u00e9 pruty\",\n      \"ryb\u00e1\u0159sk\u00e9 navij\u00e1ky\",\n      \"ryb\u00e1\u0159sk\u00e9 vlasce a \u0161\u0148\u016fry\",\n      \"hl\u00e1si\u010de z\u00e1b\u011bru\",\n      \"elektronick\u00e9 hl\u00e1si\u010de z\u00e1b\u011bru\",\n      \"Rod Pod\",\n      \"Bankstick\",\n      \"kaprov\u00fd podb\u011br\u00e1k\",\n      \"podlo\u017eka pod kapra\",\n      \"v\u00e1\u017eic\u00ed sak\",\n      \"zav\u00e1\u017eec\u00ed lo\u010fka\",\n      \"ryb\u00e1\u0159sk\u00e1 z\u00e1t\u011b\u017e\",\n      \"ryb\u00e1\u0159sk\u00e9 veletrhy\",\n      \"ryb\u00e1\u0159sk\u00e9 obchody v Rakousku\",\n      \"ryb\u00e1\u0159sk\u00e9 rev\u00edry v Rakousku\",\n      \"kaprov\u00e9 rev\u00edry v Evrop\u011b\",\n      \"rev\u00edry pro lov dravc\u016f v Evrop\u011b\"\n    ],\n    \"areaServed\": {\n      \"@type\": \"Place\",\n      \"name\": \"Europe\"\n    },\n    \"sameAs\": [\n      \"https:\/\/www.facebook.com\/carpfishingshow\",\n      \"https:\/\/www.instagram.com\/carpaustria\/\"\n    ],\n    \"parentOrganization\": {\n      \"@type\": \"Organization\",\n      \"@id\": \"https:\/\/carp-austria.com\/#organization\",\n      \"name\": \"Carp Austria\",\n      \"url\": \"https:\/\/carp-austria.com\/\"\n    }\n  }\n}\n<\/script>\n\n<section class=\"ca-redaktion-intro\">\n  <div class=\"ca-redaktion-intro__card\">\n    <div class=\"ca-redaktion-intro__image\">\n      <img src=\"data:image\/gif;base64,R0lGODlhAQABAAAAACH5BAEKAAEALAAAAAABAAEAAAICTAEAOw==\" alt=\"Redakce Carp Austria\" width=\"140\" height=\"140\" loading=\"eager\" decoding=\"async\" class=\"lazyload\" data-src=\"https:\/\/carp-austria.com\/wp-content\/uploads\/2026\/04\/author-transparent.svg\">\n    <\/div>\n\n    <div class=\"ca-redaktion-intro__content\">\n      <h1>Redakce Carp Austria<\/h1>\n\n      <p>\n        Redakci Carp Austria tvo\u0159\u00ed zap\u00e1len\u00ed ryb\u00e1\u0159i s dlouholet\u00fdmi zku\u0161enostmi\n        v kapra\u0159in\u011b, lovu dravc\u016f a modern\u00edch ryb\u00e1\u0159sk\u00fdch technik\u00e1ch v Rakousku a Evrop\u011b.\n      <\/p>\n\n      <p>\n        N\u00e1\u0161 t\u00fdm pravideln\u011b testuje ryb\u00e1\u0159sk\u00e9 vybaven\u00ed, nav\u0161t\u011bvuje a organizuje ryb\u00e1\u0159sk\u00e9 veletrhy,\n        vyr\u00e1b\u00ed vlastn\u00ed Boilie a m\u00e1 zku\u0161enosti tak\u00e9 se spr\u00e1vou a \u00fasp\u011b\u0161n\u00fdm veden\u00edm ryb\u00e1\u0159sk\u00fdch rev\u00edr\u016f.\n      <\/p>\n\n      <p>\n        S v\u00edce ne\u017e 40 lety spole\u010dn\u00e9 praxe sd\u00edl\u00edme ov\u011b\u0159en\u00e9 odborn\u00e9 znalosti\n        o kapra\u0159in\u011b, lovu dravc\u016f, kaprov\u00fdch n\u00e1strah\u00e1ch a modern\u00edm ryb\u00e1\u0159sk\u00e9m know-how \u2013\n        p\u0159\u00edmo od vody pro skute\u010dn\u00e9 pou\u017eit\u00ed v praxi.\n      <\/p>\n\n      <ul class=\"ca-redaktion-intro__highlights\">\n        <li>V\u00edce ne\u017e 40 let zku\u0161enost\u00ed s kapra\u0159inou a lovem dravc\u016f<\/li>\n        <li>Praktick\u00e9 zku\u0161enosti p\u0159\u00edmo od vody \u2013 \u017e\u00e1dn\u00e1 teorie<\/li>\n        <li>Report\u00e1\u017ee z ryb\u00e1\u0159sk\u00e9 sc\u00e9ny, veletrh\u016f a od vystavovatel\u016f<\/li>\n        <li>Zam\u011b\u0159en\u00ed na kapra\u0159inu, lov dravc\u016f, n\u00e1strahy a ryb\u00e1\u0159sk\u00e9 know-how<\/li>\n      <\/ul>\n    <\/div>\n  <\/div>\n\n  <div class=\"ca-redaktion-section\">\n    <h2>Odbornost v kapra\u0159in\u011b a lovu dravc\u016f<\/h2>\n    <p>\n      Redakce Carp Austria se intenzivn\u011b v\u011bnuje v\u0161em oblastem modern\u00edho rybolovu \u2013\n      od klasick\u00fdch kaprov\u00fdch mont\u00e1\u017e\u00ed p\u0159es inovativn\u00ed techniky lovu dravc\u016f a\u017e po aktu\u00e1ln\u00ed v\u00fdvoj\n      v ryb\u00e1\u0159sk\u00e9m oboru.\n    <\/p>\n    <p>\n      V\u017edy je pro n\u00e1s rozhoduj\u00edc\u00ed praktick\u00e9 vyu\u017eit\u00ed u vody. Na\u0161e \u010dl\u00e1nky vych\u00e1zej\u00ed ze skute\u010dn\u00fdch\n      zku\u0161enost\u00ed, testov\u00e1n\u00ed, n\u00e1v\u0161t\u011bv veletrh\u016f a p\u0159\u00edm\u00e9ho kontaktu s v\u00fdrobci, vystavovateli a ryb\u00e1\u0159i\n      z cel\u00e9 sc\u00e9ny.\n    <\/p>\n  <\/div>\n\n  <div class=\"ca-redaktion-section\">\n    <h2>Vystavovatel\u00e9, novinky, n\u00e1strahy a trendy z ryb\u00e1\u0159sk\u00e9 sc\u00e9ny<\/h2>\n    <p>\n      Zvl\u00e1\u0161tn\u00ed pozornost v\u011bnujeme nov\u00fdm produkt\u016fm, vystavovatel\u016fm, kaprov\u00fdm n\u00e1strah\u00e1m, rekord\u016fm\n      a aktu\u00e1ln\u00edm t\u00e9mat\u016fm kolem veletrhu Carp Austria. Na veletrz\u00edch a akc\u00edch sb\u00edr\u00e1me zku\u0161enosti\n      z prvn\u00ed ruky a p\u0159ed\u00e1v\u00e1me je d\u00e1l formou \u010dl\u00e1nk\u016f, doporu\u010den\u00ed a praktick\u00fdch post\u0159eh\u016f.\n    <\/p>\n    <p>\n      V\u00edce najde\u0161 v na\u0161ich kategori\u00edch\n      <a href=\"\">vystavovatel\u00e9<\/a>,\n      <a href=\"\">kaprov\u00e9 n\u00e1strahy<\/a>,\n      <a href=\"\">novinky<\/a>,\n      <a href=\"\">magaz\u00edn<\/a> a\n      <a href=\"\">Carp Austria veletrh<\/a>.\n    <\/p>\n  <\/div>\n\n  <div class=\"ca-redaktion-section\">\n    <h2>Praktick\u00e9 znalosti pro ryb\u00e1\u0159e<\/h2>\n    <p>\n      A\u0165 u\u017e za\u010d\u00edn\u00e1\u0161, nebo m\u00e1\u0161 za sebou roky u vody \u2013 redakce Carp Austria p\u0159in\u00e1\u0161\u00ed obsah,\n      kter\u00fd m\u016f\u017ee\u0161 okam\u017eit\u011b vyu\u017e\u00edt v praxi. Na\u0161\u00edm c\u00edlem je sd\u00edlet re\u00e1ln\u00e9 zku\u0161enosti,\n      srozumiteln\u011b vysv\u011btlit d\u016fle\u017eit\u00e9 v\u011bci a pomoct ti b\u00fdt u vody \u00fasp\u011b\u0161n\u011bj\u0161\u00ed.\n    <\/p>\n  <\/div>\n\n  <div class=\"ca-redaktion-section\">\n    <h2>Objev v\u00edce \u010dl\u00e1nk\u016f od redakce Carp Austria<\/h2>\n    <p>\n      Objev dal\u0161\u00ed \u010dl\u00e1nky, veletr\u017en\u00ed report\u00e1\u017ee, novinky od vystavovatel\u016f, ryb\u00e1\u0159sk\u00e9 know-how\n      a t\u00e9mata kolem kapra\u0159iny, lovu dravc\u016f a kaprov\u00fdch n\u00e1strah.\n    <\/p>\n    <p>\n      <a href=\"https:\/\/carp-austria.com\/cs\/casopis-news-fishing\/\">Objev v\u00edce \u010dl\u00e1nk\u016f od redakce Carp Austria \u2192<\/a>\n    <\/p>\n  <\/div>\n<\/section>\n\n<\/div>\n\n<div class=\"gb-container gb-container-90055852\">\n<div class=\"gb-container gb-container-ea4f2e9e\">\n\n<h2 class=\"wp-block-heading\"><strong>\u010cl\u00e1nky redakce Carp Austria<\/strong><\/h2>\n\n\n\n<hr class=\"wp-block-separator has-alpha-channel-opacity\"\/>\n\n<\/div>\n\n\n<div class=\"gb-grid-wrapper gb-grid-wrapper-6591d90a gb-query-loop-wrapper\">\n<div class=\"gb-grid-column gb-grid-column-70e1e987 gb-query-loop-item post-121025 post type-post status-publish format-standard has-post-thumbnail hentry category-dravci-sumci category-vystavovatele tag-deadbait tag-dravci tag-privlacove-pruty tag-sumcarina tag-zeck-fishing\"><div class=\"gb-container gb-container-70e1e987\">\n<figure class=\"gb-block-image gb-block-image-5f5826e8\"><img loading=\"lazy\" decoding=\"async\" width=\"1400\" height=\"933\" src=\"data:image\/gif;base64,R0lGODlhAQABAAAAACH5BAEKAAEALAAAAAABAAEAAAICTAEAOw==\" class=\"gb-image-5f5826e8 lazyload\" alt=\"Zeck Fishing\" sizes=\"auto, (max-width: 1400px) 100vw, 1400px\" data-src=\"https:\/\/carp-austria.com\/wp-content\/uploads\/2024\/11\/zeckfishing.jpg\" data-srcset=\"https:\/\/carp-austria.com\/wp-content\/uploads\/2024\/11\/zeckfishing.jpg 1400w, https:\/\/carp-austria.com\/wp-content\/uploads\/2024\/11\/zeckfishing-360x240.jpg 360w, https:\/\/carp-austria.com\/wp-content\/uploads\/2024\/11\/zeckfishing-1080x720.jpg 1080w, https:\/\/carp-austria.com\/wp-content\/uploads\/2024\/11\/zeckfishing-768x512.jpg 768w\"><\/figure>\n\n<h2 class=\"gb-headline gb-headline-7b090171 gb-headline-text\"><a href=\"https:\/\/carp-austria.com\/cs\/zeck\/\">Zeck Fishing \u2013 p\u0159\u00edvla\u010dov\u00e9 pruty, deadbait syst\u00e9my a vybaven\u00ed pro dravce<\/a><\/h2>\n\n<p class=\"gb-headline gb-headline-18ed8b8c gb-headline-text\"><time class=\"entry-date published\" datetime=\"2026-04-15T15:35:55+02:00\">15. 4. 2026<\/time><\/p>\n\n<div class=\"gb-headline gb-headline-0d561cbd gb-headline-text\">Zeck Fishing je zn\u00e1m\u00e1 zna\u010dka zam\u011b\u0159en\u00e1 na modern\u00ed lov dravc\u016f a sumc\u016f. Na Carp Austria p\u0159edstavuje kvalitn\u00ed p\u0159\u00edvla\u010dov\u00e9 pruty, deadbait syst\u00e9my a spolehliv\u00e9 vybaven\u00ed &#8230; <a title=\"Zeck Fishing \u2013 p\u0159\u00edvla\u010dov\u00e9 pruty, deadbait syst\u00e9my a vybaven\u00ed pro dravce\" class=\"read-more\" href=\"https:\/\/carp-austria.com\/cs\/zeck\/\" aria-label=\"\u010c\u00edst v\u00edce o Zeck Fishing \u2013 p\u0159\u00edvla\u010dov\u00e9 pruty, deadbait syst\u00e9my a vybaven\u00ed pro dravce\">Read more<\/a><\/div>\n<\/div><\/div>\n\n<div class=\"gb-grid-column gb-grid-column-70e1e987 gb-query-loop-item post-108958 post type-post status-publish format-standard has-post-thumbnail hentry category-obleceni-outdoor-vybaveniobleceni-outdoor-vybaveni category-vystavovatele\"><div class=\"gb-container gb-container-70e1e987\">\n<figure class=\"gb-block-image gb-block-image-5f5826e8\"><img loading=\"lazy\" decoding=\"async\" width=\"1200\" height=\"800\" src=\"data:image\/gif;base64,R0lGODlhAQABAAAAACH5BAEKAAEALAAAAAABAAEAAAICTAEAOw==\" class=\"gb-image-5f5826e8 lazyload\" alt=\"\" sizes=\"auto, (max-width: 1200px) 100vw, 1200px\" data-src=\"https:\/\/carp-austria.com\/wp-content\/uploads\/2025\/11\/COAST-TXM50R-2408A-P581-1201x800-5b2df79.jpg\" data-srcset=\"https:\/\/carp-austria.com\/wp-content\/uploads\/2025\/11\/COAST-TXM50R-2408A-P581-1201x800-5b2df79.jpg 1200w, https:\/\/carp-austria.com\/wp-content\/uploads\/2025\/11\/COAST-TXM50R-2408A-P581-1201x800-5b2df79-360x240.jpg 360w, https:\/\/carp-austria.com\/wp-content\/uploads\/2025\/11\/COAST-TXM50R-2408A-P581-1201x800-5b2df79-1080x720.jpg 1080w, https:\/\/carp-austria.com\/wp-content\/uploads\/2025\/11\/COAST-TXM50R-2408A-P581-1201x800-5b2df79-155x103.jpg 155w, https:\/\/carp-austria.com\/wp-content\/uploads\/2025\/11\/COAST-TXM50R-2408A-P581-1201x800-5b2df79-768x512.jpg 768w\"><\/figure>\n\n<h2 class=\"gb-headline gb-headline-7b090171 gb-headline-text\"><a href=\"https:\/\/carp-austria.com\/cs\/schuecker-protextil\/\">Schuecker Protextiles \u2013 COAST lampy a outdoor vybaven\u00ed<\/a><\/h2>\n\n<p class=\"gb-headline gb-headline-18ed8b8c gb-headline-text\"><time class=\"entry-date published\" datetime=\"2025-11-29T16:25:02+01:00\">29. 11. 2025<\/time><\/p>\n\n<div class=\"gb-headline gb-headline-0d561cbd gb-headline-text\">Schuecker Protextiles nab\u00edz\u00ed kvalitn\u00ed COAST \u010delovky, outdoor a pracovn\u00ed oble\u010den\u00ed i dopl\u0148ky. Pokud hled\u00e1\u0161 spolehliv\u00e9 vybaven\u00ed, najde\u0161 zde maxim\u00e1ln\u00ed kvalitu pro ka\u017ed\u00e9 pou\u017eit\u00ed. Objevte &#8230; <a title=\"Schuecker Protextiles \u2013 COAST lampy a outdoor vybaven\u00ed\" class=\"read-more\" href=\"https:\/\/carp-austria.com\/cs\/schuecker-protextil\/\" aria-label=\"\u010c\u00edst v\u00edce o Schuecker Protextiles \u2013 COAST lampy a outdoor vybaven\u00ed\">Read more<\/a><\/div>\n<\/div><\/div>\n\n<div class=\"gb-grid-column gb-grid-column-70e1e987 gb-query-loop-item post-107558 post type-post status-publish format-standard has-post-thumbnail hentry category-lode-technologie category-vystavovatele\"><div class=\"gb-container gb-container-70e1e987\">\n<figure class=\"gb-block-image gb-block-image-5f5826e8\"><img loading=\"lazy\" decoding=\"async\" width=\"1280\" height=\"800\" src=\"data:image\/gif;base64,R0lGODlhAQABAAAAACH5BAEKAAEALAAAAAABAAEAAAICTAEAOw==\" class=\"gb-image-5f5826e8 lazyload\" alt=\"\" sizes=\"auto, (max-width: 1280px) 100vw, 1280px\" data-src=\"https:\/\/carp-austria.com\/wp-content\/uploads\/2025\/11\/z-boat-mietboot-karpfenboot.jpg\" data-srcset=\"https:\/\/carp-austria.com\/wp-content\/uploads\/2025\/11\/z-boat-mietboot-karpfenboot.jpg 1280w, https:\/\/carp-austria.com\/wp-content\/uploads\/2025\/11\/z-boat-mietboot-karpfenboot-360x225.jpg 360w, https:\/\/carp-austria.com\/wp-content\/uploads\/2025\/11\/z-boat-mietboot-karpfenboot-1080x675.jpg 1080w, https:\/\/carp-austria.com\/wp-content\/uploads\/2025\/11\/z-boat-mietboot-karpfenboot-155x97.jpg 155w, https:\/\/carp-austria.com\/wp-content\/uploads\/2025\/11\/z-boat-mietboot-karpfenboot-768x480.jpg 768w\"><\/figure>\n\n<h2 class=\"gb-headline gb-headline-7b090171 gb-headline-text\"><a href=\"https:\/\/carp-austria.com\/cs\/z-boats\/\">Z-Boats ryb\u00e1\u0159sk\u00e9 a kaprov\u00e9 \u010dluny<\/a><\/h2>\n\n<p class=\"gb-headline gb-headline-18ed8b8c gb-headline-text\"><time class=\"entry-date published\" datetime=\"2025-11-26T22:59:19+01:00\">26. 11. 2025<\/time><\/p>\n\n<div class=\"gb-headline gb-headline-0d561cbd gb-headline-text\">Z-Boats nab\u00edz\u00ed kvalitn\u00ed ryb\u00e1\u0159sk\u00e9 a kaprov\u00e9 \u010dluny pro n\u00e1ro\u010dn\u00e9 ryb\u00e1\u0159e. Pokud chce\u0161 koupit \u010dlun, najde\u0161 zde modern\u00ed technologie a p\u0159izp\u016fsobiteln\u00e9 modely. V\u00e1\u0161e\u0148. \u0158emesln\u00e9 zpracov\u00e1n\u00ed. &#8230; <a title=\"Z-Boats ryb\u00e1\u0159sk\u00e9 a kaprov\u00e9 \u010dluny\" class=\"read-more\" href=\"https:\/\/carp-austria.com\/cs\/z-boats\/\" aria-label=\"\u010c\u00edst v\u00edce o Z-Boats ryb\u00e1\u0159sk\u00e9 a kaprov\u00e9 \u010dluny\">Read more<\/a><\/div>\n<\/div><\/div>\n\n<div class=\"gb-grid-column gb-grid-column-70e1e987 gb-query-loop-item post-107495 post type-post status-publish format-standard has-post-thumbnail hentry category-dravci-sumci category-vystavovatele\"><div class=\"gb-container gb-container-70e1e987\">\n<figure class=\"gb-block-image gb-block-image-5f5826e8\"><img loading=\"lazy\" decoding=\"async\" width=\"1280\" height=\"950\" src=\"data:image\/gif;base64,R0lGODlhAQABAAAAACH5BAEKAAEALAAAAAABAAEAAAICTAEAOw==\" class=\"gb-image-5f5826e8 lazyload\" alt=\"\" sizes=\"auto, (max-width: 1280px) 100vw, 1280px\" data-src=\"https:\/\/carp-austria.com\/wp-content\/uploads\/2025\/11\/skeater.jpg\" data-srcset=\"https:\/\/carp-austria.com\/wp-content\/uploads\/2025\/11\/skeater.jpg 1280w, https:\/\/carp-austria.com\/wp-content\/uploads\/2025\/11\/skeater-360x267.jpg 360w, https:\/\/carp-austria.com\/wp-content\/uploads\/2025\/11\/skeater-1080x802.jpg 1080w, https:\/\/carp-austria.com\/wp-content\/uploads\/2025\/11\/skeater-155x115.jpg 155w, https:\/\/carp-austria.com\/wp-content\/uploads\/2025\/11\/skeater-768x570.jpg 768w\"><\/figure>\n\n<h2 class=\"gb-headline gb-headline-7b090171 gb-headline-text\"><a href=\"https:\/\/carp-austria.com\/cs\/skeater\/\">Skeater Fishing \u2013 predator vybaven\u00ed a n\u00e1strahy<\/a><\/h2>\n\n<p class=\"gb-headline gb-headline-18ed8b8c gb-headline-text\"><time class=\"entry-date published\" datetime=\"2025-11-26T22:15:33+01:00\">26. 11. 2025<\/time><\/p>\n\n<div class=\"gb-headline gb-headline-0d561cbd gb-headline-text\">Skeater Fishing nab\u00edz\u00ed kvalitn\u00ed predator vybaven\u00ed a n\u00e1strahy pro n\u00e1ro\u010dn\u00e9 ryb\u00e1\u0159e. Pokud chce\u0161 koupit Skeater Fishing produkty, najde\u0161 zde \u0159e\u0161en\u00ed pro \u00fasp\u011b\u0161n\u00fd lov dravc\u016f. &#8230; <a title=\"Skeater Fishing \u2013 predator vybaven\u00ed a n\u00e1strahy\" class=\"read-more\" href=\"https:\/\/carp-austria.com\/cs\/skeater\/\" aria-label=\"\u010c\u00edst v\u00edce o Skeater Fishing \u2013 predator vybaven\u00ed a n\u00e1strahy\">Read more<\/a><\/div>\n<\/div><\/div>\n\n<div class=\"gb-grid-column gb-grid-column-70e1e987 gb-query-loop-item post-107461 post type-post status-publish format-standard has-post-thumbnail hentry category-rybarske-zajezdy-reviry category-vystavovatele\"><div class=\"gb-container gb-container-70e1e987\">\n<figure class=\"gb-block-image gb-block-image-5f5826e8\"><img loading=\"lazy\" decoding=\"async\" width=\"1280\" height=\"850\" src=\"data:image\/gif;base64,R0lGODlhAQABAAAAACH5BAEKAAEALAAAAAABAAEAAAICTAEAOw==\" class=\"gb-image-5f5826e8 lazyload\" alt=\"\" sizes=\"auto, (max-width: 1280px) 100vw, 1280px\" data-src=\"https:\/\/carp-austria.com\/wp-content\/uploads\/2025\/11\/Iglice-fishing.jpg\" data-srcset=\"https:\/\/carp-austria.com\/wp-content\/uploads\/2025\/11\/Iglice-fishing.jpg 1280w, https:\/\/carp-austria.com\/wp-content\/uploads\/2025\/11\/Iglice-fishing-360x239.jpg 360w, https:\/\/carp-austria.com\/wp-content\/uploads\/2025\/11\/Iglice-fishing-1080x717.jpg 1080w, https:\/\/carp-austria.com\/wp-content\/uploads\/2025\/11\/Iglice-fishing-155x103.jpg 155w, https:\/\/carp-austria.com\/wp-content\/uploads\/2025\/11\/Iglice-fishing-768x510.jpg 768w\"><\/figure>\n\n<h2 class=\"gb-headline gb-headline-7b090171 gb-headline-text\"><a href=\"https:\/\/carp-austria.com\/cs\/iglice\/\">Ryba\u0159en\u00ed v Ma\u010farsku \u2013 chaty u jezera &#8211; Iglice<\/a><\/h2>\n\n<p class=\"gb-headline gb-headline-18ed8b8c gb-headline-text\"><time class=\"entry-date published\" datetime=\"2025-11-26T21:06:47+01:00\">26. 11. 2025<\/time><\/p>\n\n<div class=\"gb-headline gb-headline-0d561cbd gb-headline-text\">Za\u017eij ryba\u0159en\u00ed v Ma\u010farsku s exkluzivn\u00edmi chatami p\u0159\u00edmo u vody. Pokud hled\u00e1\u0161 klid a soukrom\u00fd p\u0159\u00edstup k jezeru, najde\u0161 zde ide\u00e1ln\u00ed podm\u00ednky. Rekreace za\u010d\u00edn\u00e1 &#8230; <a title=\"Ryba\u0159en\u00ed v Ma\u010farsku \u2013 chaty u jezera &#8211; Iglice\" class=\"read-more\" href=\"https:\/\/carp-austria.com\/cs\/iglice\/\" aria-label=\"\u010c\u00edst v\u00edce o Ryba\u0159en\u00ed v Ma\u010farsku \u2013 chaty u jezera &#8211; Iglice\">Read more<\/a><\/div>\n<\/div><\/div>\n\n<div class=\"gb-grid-column gb-grid-column-70e1e987 gb-query-loop-item post-107225 post type-post status-publish format-standard has-post-thumbnail hentry category-carp-austria-veletrh category-novinky\"><div class=\"gb-container gb-container-70e1e987\">\n<figure class=\"gb-block-image gb-block-image-5f5826e8\"><img loading=\"lazy\" decoding=\"async\" width=\"1200\" height=\"900\" src=\"data:image\/gif;base64,R0lGODlhAQABAAAAACH5BAEKAAEALAAAAAABAAEAAAICTAEAOw==\" class=\"gb-image-5f5826e8 lazyload\" alt=\"Carp Austria\" sizes=\"auto, (max-width: 1200px) 100vw, 1200px\" data-src=\"https:\/\/carp-austria.com\/wp-content\/uploads\/2025\/11\/carp-austria.jpg\" data-srcset=\"https:\/\/carp-austria.com\/wp-content\/uploads\/2025\/11\/carp-austria.jpg 1200w, https:\/\/carp-austria.com\/wp-content\/uploads\/2025\/11\/carp-austria-360x270.jpg 360w, https:\/\/carp-austria.com\/wp-content\/uploads\/2025\/11\/carp-austria-1080x810.jpg 1080w, https:\/\/carp-austria.com\/wp-content\/uploads\/2025\/11\/carp-austria-155x116.jpg 155w, https:\/\/carp-austria.com\/wp-content\/uploads\/2025\/11\/carp-austria-768x576.jpg 768w, https:\/\/carp-austria.com\/wp-content\/uploads\/2025\/11\/carp-austria-800x600.jpg 800w\"><\/figure>\n\n<h2 class=\"gb-headline gb-headline-7b090171 gb-headline-text\"><a href=\"https:\/\/carp-austria.com\/cs\/kapr-rakousko-2025-nejvetsi-a-nejlepsi-kapr-rakouska-vsech-dob\/\">Kapr Rakousko 2025 &#8211; nejv\u011bt\u0161\u00ed a nejlep\u0161\u00ed kapr Rakouska v\u0161ech dob!<\/a><\/h2>\n\n<p class=\"gb-headline gb-headline-18ed8b8c gb-headline-text\"><time class=\"entry-date published\" datetime=\"2025-11-26T17:35:58+01:00\">26. 11. 2025<\/time><\/p>\n\n<div class=\"gb-headline gb-headline-0d561cbd gb-headline-text\">\u0158\u00edk\u00e1me to u\u017e l\u00e9ta &#8211; a poka\u017ed\u00e9 je to pravda: &#8222;NEJV\u011aT\u0160\u00cd A NEJLEP\u0160\u00cd kapr Rakouska v\u0161ech dob.&#8220; A ano &#8211; v roce 2025 to &#8230; <a title=\"Kapr Rakousko 2025 &#8211; nejv\u011bt\u0161\u00ed a nejlep\u0161\u00ed kapr Rakouska v\u0161ech dob!\" class=\"read-more\" href=\"https:\/\/carp-austria.com\/cs\/kapr-rakousko-2025-nejvetsi-a-nejlepsi-kapr-rakouska-vsech-dob\/\" aria-label=\"\u010c\u00edst v\u00edce o Kapr Rakousko 2025 &#8211; nejv\u011bt\u0161\u00ed a nejlep\u0161\u00ed kapr Rakouska v\u0161ech dob!\">Read more<\/a><\/div>\n<\/div><\/div>\n<\/div>\n\n<\/div>\n\n\n<div class=\"wp-block-buttons is-layout-flex wp-block-buttons-is-layout-flex\">\n<div class=\"wp-block-button has-custom-width wp-block-button__width-100 is-style-fill\"><a class=\"wp-block-button__link has-large-font-size has-custom-font-size wp-element-button\" href=\"https:\/\/carp-austria.com\/cs\/casopis-news-fishing\/\" style=\"border-top-left-radius:0px;border-top-right-radius:0px;border-bottom-left-radius:0px;border-bottom-right-radius:0px\">Objevte v\u00edce od redakce Carp Austria \u2192<\/a><\/div>\n<\/div>\n\n<\/div>\n\n\n<p><\/p>\n","protected":false},"excerpt":{"rendered":"<p>Kapra\u0159ina, p\u0159\u00edvla\u010d a testy vybaven\u00ed p\u0159\u00edmo od vody Redakce Carp Austria Redakci Carp Austria tvo\u0159\u00ed zap\u00e1len\u00ed ryb\u00e1\u0159i s dlouholet\u00fdmi zku\u0161enostmi v kapra\u0159in\u011b, lovu dravc\u016f &#8230; <a title=\"Redakce Carp Austria\" class=\"read-more\" href=\"https:\/\/carp-austria.com\/cs\/redakce\/\" aria-label=\"\u010c\u00edst v\u00edce o Redakce Carp Austria\">Read more<\/a><\/p>\n","protected":false},"author":1,"featured_media":0,"parent":0,"menu_order":0,"comment_status":"closed","ping_status":"closed","template":"","meta":{"_acf_changed":false,"inline_featured_image":false,"iawp_total_views":0,"footnotes":""},"class_list":["post-122992","page","type-page","status-publish"],"acf":[],"_links":{"self":[{"href":"https:\/\/carp-austria.com\/cs\/wp-json\/wp\/v2\/pages\/122992","targetHints":{"allow":["GET"]}}],"collection":[{"href":"https:\/\/carp-austria.com\/cs\/wp-json\/wp\/v2\/pages"}],"about":[{"href":"https:\/\/carp-austria.com\/cs\/wp-json\/wp\/v2\/types\/page"}],"author":[{"embeddable":true,"href":"https:\/\/carp-austria.com\/cs\/wp-json\/wp\/v2\/users\/1"}],"replies":[{"embeddable":true,"href":"https:\/\/carp-austria.com\/cs\/wp-json\/wp\/v2\/comments?post=122992"}],"version-history":[{"count":0,"href":"https:\/\/carp-austria.com\/cs\/wp-json\/wp\/v2\/pages\/122992\/revisions"}],"wp:attachment":[{"href":"https:\/\/carp-austria.com\/cs\/wp-json\/wp\/v2\/media?parent=122992"}],"curies":[{"name":"wp","href":"https:\/\/api.w.org\/{rel}","templated":true}]}}